{"id":3995,"date":"2021-11-17T16:13:10","date_gmt":"2021-11-17T15:13:10","guid":{"rendered":"https:\/\/www.amil-care.com\/azienda-medicale\/"},"modified":"2023-02-08T11:27:19","modified_gmt":"2023-02-08T10:27:19","slug":"empresa","status":"publish","type":"page","link":"https:\/\/www.amil-care.com\/es\/empresa\/","title":{"rendered":"Empresa"},"content":{"rendered":"<p><div class=\"fusion-fullwidth fullwidth-box fusion-builder-row-1 fusion-flex-container has-pattern-background has-mask-background nonhundred-percent-fullwidth non-hundred-percent-height-scrolling\" style=\"--awb-border-radius-top-left:0px;--awb-border-radius-top-right:0px;--awb-border-radius-bottom-right:0px;--awb-border-radius-bottom-left:0px;--awb-margin-top:60px;\" ><div class=\"fusion-builder-row fusion-row fusion-flex-align-items-flex-start\" style=\"max-width:1216.8px;margin-left: calc(-4% \/ 2 );margin-right: calc(-4% \/ 2 );\"><div class=\"fusion-layout-column fusion_builder_column fusion-builder-column-0 fusion_builder_column_1_1 1_1 fusion-flex-column\" style=\"--awb-padding-left:30px;--awb-bg-size:cover;--awb-width-large:100%;--awb-spacing-right-large:1.92%;--awb-spacing-left-large:1.92%;--awb-width-medium:100%;--awb-order-medium:0;--awb-spacing-right-medium:1.92%;--awb-spacing-left-medium:1.92%;--awb-width-small:100%;--awb-order-small:0;--awb-spacing-right-small:1.92%;--awb-spacing-left-small:1.92%;\"><div class=\"fusion-column-wrapper fusion-column-has-shadow fusion-flex-justify-content-flex-start fusion-content-layout-column\"><div class=\"fusion-title title fusion-title-1 fusion-sep-none fusion-title-text fusion-title-size-one\" style=\"--awb-text-color:#61c2d0;\"><h1 class=\"title-heading-left fusion-responsive-typography-calculated\" style=\"margin:0;--fontSize:80;line-height:1;\">AMIL CARE<\/h1><\/div><div class=\"fusion-text fusion-text-1\" style=\"--awb-font-size:20px;--awb-margin-top:30px;\"><p>El acr\u00f3nimo &#8220;AMIL&#8221; significa Laboratorio de Instrumentos M\u00e9dicos Avanzados. La Ciencia, la Tecnolog\u00eda, el An\u00e1lisis y la Innovaci\u00f3n representan la fuerza de nuestra empresa.<\/p>\n<p>Nos especializamos en el desarrollo e implementaci\u00f3n de nuevas tecnolog\u00edas automatizadas para estandarizar los procesos de desinfecci\u00f3n. Nuestro principal objetivo es ofrecer est\u00e1ndares de eficacia replicables y certificables en cada situaci\u00f3n.<\/p>\n<p>Para nosotros, las innovaciones tecnol\u00f3gicas y las soluciones de desinfecci\u00f3n no solo deben ser eficaces, sino que tambi\u00e9n deben cumplir los objetivos marcados por la comunidad cient\u00edfica internacional, <strong>para garantizar el m\u00e1s alto nivel de calidad de nuestros productos y servicios.<\/strong><\/p>\n<p>Nuestro objetivo es orientar la cultura de la desinfecci\u00f3n basada en estudios cient\u00edficos, brindando respuestas fundamentadas en funci\u00f3n de las necesidades de los operadores en pleno cumplimiento de la normativa vigente.<\/p>\n<p>Para ello hemos creado <strong><a href=\"https:\/\/www.amil-care.com\/es\/sector-medico\/\">MEDISYSTEM<\/a>.<\/strong><\/p>\n<p>Somos l\u00edderes en este campo gracias al conocimiento derivado de la colaboraci\u00f3n constante con profesionales de los sectores de referencia (sanitario y no sanitario), y gracias a la continua investigaci\u00f3n cient\u00edfica de nuevas tecnolog\u00edas y soluciones contra pat\u00f3genos resistentes.<\/p>\n<p>AMIL Care es fabricante de dispositivos m\u00e9dicos y fabricante autorizado de productos PMC y BIOCIDAL. Todas las etapas de producci\u00f3n son aprobadas y seguidas directamente por nuestra empresa. La sede, el laboratorio y la planta de producci\u00f3n se encuentran en Carbonate, en la provincia de Como (Italia).<\/p>\n<\/div><\/div><\/div><\/div><\/div><div class=\"fusion-fullwidth fullwidth-box fusion-builder-row-2 fusion-flex-container nonhundred-percent-fullwidth non-hundred-percent-height-scrolling\" style=\"--awb-border-radius-top-left:0px;--awb-border-radius-top-right:0px;--awb-border-radius-bottom-right:0px;--awb-border-radius-bottom-left:0px;--awb-margin-top:60px;\" ><div class=\"fusion-builder-row fusion-row fusion-flex-align-items-flex-start\" style=\"max-width:1216.8px;margin-left: calc(-4% \/ 2 );margin-right: calc(-4% \/ 2 );\"><div class=\"fusion-layout-column fusion_builder_column fusion-builder-column-1 fusion_builder_column_1_2 1_2 fusion-flex-column fusion-flex-align-self-stretch\" style=\"--awb-padding-top:0px;--awb-padding-right:0px;--awb-padding-bottom:0px;--awb-padding-left:0px;--awb-bg-image:url(&#039;https:\/\/www.amil-care.com\/wp-content\/uploads\/2021\/06\/Amil-care-azienda-1.jpg&#039;);--awb-bg-size:cover;--awb-width-large:50%;--awb-margin-top-large:0px;--awb-spacing-right-large:0;--awb-margin-bottom-large:0px;--awb-spacing-left-large:0;--awb-width-medium:100%;--awb-order-medium:0;--awb-spacing-right-medium:1.92%;--awb-spacing-left-medium:1.92%;--awb-width-small:100%;--awb-order-small:0;--awb-spacing-right-small:1.92%;--awb-spacing-left-small:1.92%;\"><div class=\"fusion-column-wrapper fusion-column-has-shadow fusion-flex-justify-content-flex-start fusion-content-layout-column fusion-empty-column-bg-image\" data-bg-url=\"https:\/\/www.amil-care.com\/wp-content\/uploads\/2021\/06\/Amil-care-azienda-1.jpg\"><img decoding=\"async\" class=\"fusion-empty-dims-img-placeholder\" src=\"data:image\/svg+xml,%3Csvg%20xmlns%3D%27http%3A%2F%2Fwww.w3.org%2F2000%2Fsvg%27%20width%3D%271680%27%20height%3D%271792%27%20viewBox%3D%270%200%201680%201792%27%3E%3Crect%20width%3D%271680%27%20height%3D%271792%27%20fill-opacity%3D%220%22%2F%3E%3C%2Fsvg%3E\"><\/div><\/div><div class=\"fusion-layout-column fusion_builder_column fusion-builder-column-2 fusion_builder_column_1_2 1_2 fusion-flex-column\" style=\"--awb-padding-top:0px;--awb-padding-right:0px;--awb-padding-bottom:0px;--awb-padding-left:30px;--awb-bg-size:cover;--awb-width-large:50%;--awb-margin-top-large:0px;--awb-spacing-right-large:0;--awb-margin-bottom-large:0px;--awb-spacing-left-large:0;--awb-width-medium:100%;--awb-order-medium:0;--awb-spacing-right-medium:1.92%;--awb-spacing-left-medium:1.92%;--awb-width-small:100%;--awb-order-small:0;--awb-spacing-right-small:1.92%;--awb-spacing-left-small:1.92%;\"><div class=\"fusion-column-wrapper fusion-column-has-shadow fusion-flex-justify-content-flex-start fusion-content-layout-column\"><div class=\"fusion-title title fusion-title-2 fusion-sep-none fusion-title-text fusion-title-size-two\" style=\"--awb-text-color:#61c2d0;\"><h2 class=\"title-heading-left fusion-responsive-typography-calculated\" style=\"margin:0;--fontSize:40;line-height:1.0;\">La empresa<\/h2><\/div><div class=\"fusion-separator\" style=\"align-self: flex-start;margin-right:auto;margin-top:20px;margin-bottom:20px;width:100%;max-width:100px;\"><div class=\"fusion-separator-border sep-single sep-solid\" style=\"border-color:#b9e2a4;border-top-width:3px;\"><\/div><\/div><div class=\"fusion-text fusion-text-2\" style=\"--awb-font-size:20px;--awb-margin-top:30px;\"><p>Un miembro de nuestro equipo, a trav\u00e9s de su visi\u00f3n de futuro, se embarc\u00f3 en una audaz misi\u00f3n para <strong>crear un sistema de desinfecci\u00f3n de clase mundial<\/strong>. Reconociendo de inmediato las deficiencias de los m\u00e9todos tradicionales de desinfecci\u00f3n, se dedic\u00f3 a crear un dispositivo m\u00e9dico que combinara garant\u00edas certificables en pleno cumplimiento de las normas locales e internacionales.<\/p>\n<p>Como resultado, en 2012 patent\u00f3 <strong>Medibios<\/strong>, un dispositivo m\u00e9dico automatizado Clase I (marcado CE y registrado por la FDA).<\/p>\n<p>Es un sistema tecnol\u00f3gico e innovador que cumple con estrictos est\u00e1ndares de seguridad certificados, en combinaci\u00f3n con el uso de nuestras soluciones qu\u00edmicas ecol\u00f3gicas.<\/p>\n<p>AMIL Care se fund\u00f3 en 2016 y adquiri\u00f3 la patente, convirti\u00e9ndose as\u00ed en un punto de referencia en el mundo de la desinfecci\u00f3n.<\/p>\n<p>El cumplimiento es fundamental cuando se trata de protocolos de desinfecci\u00f3n, es por ello que <strong>AMIL Care pone a disposici\u00f3n de sus clientes todas las certificaciones que aprueban y garantizan su efectividad.<\/strong><\/p>\n<\/div><\/div><\/div><\/div><\/div><div class=\"fusion-fullwidth fullwidth-box fusion-builder-row-3 fusion-flex-container has-pattern-background has-mask-background nonhundred-percent-fullwidth non-hundred-percent-height-scrolling\" style=\"--awb-border-radius-top-left:0px;--awb-border-radius-top-right:0px;--awb-border-radius-bottom-right:0px;--awb-border-radius-bottom-left:0px;--awb-margin-top:30px;--awb-margin-bottom:30px;\" ><div class=\"fusion-builder-row fusion-row fusion-flex-align-items-flex-start\" style=\"max-width:1216.8px;margin-left: calc(-4% \/ 2 );margin-right: calc(-4% \/ 2 );\"><div class=\"fusion-layout-column fusion_builder_column fusion-builder-column-3 fusion_builder_column_1_2 1_2 fusion-flex-column\" style=\"--awb-padding-top:20px;--awb-padding-right:30px;--awb-padding-bottom:0px;--awb-padding-left:0px;--awb-bg-size:cover;--awb-width-large:50%;--awb-margin-top-large:0px;--awb-spacing-right-large:0;--awb-margin-bottom-large:0px;--awb-spacing-left-large:0;--awb-width-medium:100%;--awb-order-medium:0;--awb-spacing-right-medium:1.92%;--awb-spacing-left-medium:1.92%;--awb-width-small:100%;--awb-order-small:0;--awb-spacing-right-small:1.92%;--awb-spacing-left-small:1.92%;\"><div class=\"fusion-column-wrapper fusion-column-has-shadow fusion-flex-justify-content-flex-start fusion-content-layout-column\"><div class=\"fusion-menu-anchor\" id=\"valori\"><\/div><div class=\"fusion-title title fusion-title-3 fusion-sep-none fusion-title-text fusion-title-size-two\" style=\"--awb-text-color:#61c2d0;\"><h2 class=\"title-heading-left fusion-responsive-typography-calculated\" style=\"margin:0;--fontSize:40;line-height:1.0;\">Valores<\/h2><\/div><div class=\"fusion-separator\" style=\"align-self: flex-start;margin-right:auto;margin-top:20px;margin-bottom:20px;width:100%;max-width:100px;\"><div class=\"fusion-separator-border sep-single sep-solid\" style=\"border-color:#b9e2a4;border-top-width:3px;\"><\/div><\/div><div class=\"fusion-text fusion-text-3\" style=\"--awb-font-size:20px;\"><p>El sistema de valores que gu\u00eda a AMIL Care se basa en la integridad y profesionalismo hacia nuestro personal, nuestros clientes, la comunidad y el medio ambiente.<\/p>\n<p>La experiencia nos ha llevado a enfocarnos en las certificaciones como una forma de garant\u00eda de confiabilidad, garantiz\u00e1ndonos un m\u00e9todo capaz de generar productos s\u00f3lidos, eficientes e innovadores.<\/p>\n<p>La calidad de vida expresada en el saneamiento\/desinfecci\u00f3n de comunidades y ambientes es para AMIL Care un estilo de vida que nace desde dentro&#8230; se nutre del conocimiento y crece como obligaci\u00f3n por un mundo m\u00e1s saludable.<\/p>\n<\/div><\/div><\/div><div class=\"fusion-layout-column fusion_builder_column fusion-builder-column-4 fusion_builder_column_1_2 1_2 fusion-flex-column fusion-flex-align-self-stretch\" style=\"--awb-padding-top:0px;--awb-padding-right:0px;--awb-padding-bottom:0px;--awb-padding-left:0px;--awb-bg-image:url(&#039;https:\/\/www.amil-care.com\/wp-content\/uploads\/2021\/06\/valori.jpg&#039;);--awb-bg-size:cover;--awb-width-large:50%;--awb-margin-top-large:0px;--awb-spacing-right-large:0;--awb-margin-bottom-large:0px;--awb-spacing-left-large:0;--awb-width-medium:100%;--awb-order-medium:0;--awb-spacing-right-medium:1.92%;--awb-spacing-left-medium:1.92%;--awb-width-small:100%;--awb-order-small:0;--awb-spacing-right-small:1.92%;--awb-spacing-left-small:1.92%;\"><div class=\"fusion-column-wrapper fusion-column-has-shadow fusion-flex-justify-content-flex-start fusion-content-layout-column fusion-empty-column-bg-image\" data-bg-url=\"https:\/\/www.amil-care.com\/wp-content\/uploads\/2021\/06\/valori.jpg\"><img decoding=\"async\" class=\"fusion-empty-dims-img-placeholder\" src=\"data:image\/svg+xml,%3Csvg%20xmlns%3D%27http%3A%2F%2Fwww.w3.org%2F2000%2Fsvg%27%20width%3D%27800%27%20height%3D%27741%27%20viewBox%3D%270%200%20800%20741%27%3E%3Crect%20width%3D%27800%27%20height%3D%27741%27%20fill-opacity%3D%220%22%2F%3E%3C%2Fsvg%3E\"><\/div><\/div><\/div><\/div><div class=\"fusion-fullwidth fullwidth-box fusion-builder-row-4 fusion-flex-container nonhundred-percent-fullwidth non-hundred-percent-height-scrolling\" style=\"--awb-border-radius-top-left:0px;--awb-border-radius-top-right:0px;--awb-border-radius-bottom-right:0px;--awb-border-radius-bottom-left:0px;--awb-margin-top:0px;--awb-margin-bottom:0px;\" ><div class=\"fusion-builder-row fusion-row fusion-flex-align-items-flex-start\" style=\"max-width:1216.8px;margin-left: calc(-4% \/ 2 );margin-right: calc(-4% \/ 2 );\"><div class=\"fusion-layout-column fusion_builder_column fusion-builder-column-5 fusion_builder_column_1_2 1_2 fusion-flex-column fusion-flex-align-self-stretch\" style=\"--awb-padding-top:0px;--awb-padding-right:0px;--awb-padding-bottom:0px;--awb-padding-left:0px;--awb-bg-image:url(&#039;https:\/\/www.amil-care.com\/wp-content\/uploads\/2021\/06\/mission.jpg&#039;);--awb-bg-size:cover;--awb-width-large:50%;--awb-margin-top-large:0px;--awb-spacing-right-large:0;--awb-margin-bottom-large:0px;--awb-spacing-left-large:0;--awb-width-medium:100%;--awb-order-medium:0;--awb-spacing-right-medium:1.92%;--awb-spacing-left-medium:1.92%;--awb-width-small:100%;--awb-order-small:0;--awb-spacing-right-small:1.92%;--awb-spacing-left-small:1.92%;\"><div class=\"fusion-column-wrapper fusion-column-has-shadow fusion-flex-justify-content-flex-start fusion-content-layout-column fusion-empty-column-bg-image\" data-bg-url=\"https:\/\/www.amil-care.com\/wp-content\/uploads\/2021\/06\/mission.jpg\"><img decoding=\"async\" class=\"fusion-empty-dims-img-placeholder\" src=\"data:image\/svg+xml,%3Csvg%20xmlns%3D%27http%3A%2F%2Fwww.w3.org%2F2000%2Fsvg%27%20width%3D%27800%27%20height%3D%27741%27%20viewBox%3D%270%200%20800%20741%27%3E%3Crect%20width%3D%27800%27%20height%3D%27741%27%20fill-opacity%3D%220%22%2F%3E%3C%2Fsvg%3E\"><\/div><\/div><div class=\"fusion-layout-column fusion_builder_column fusion-builder-column-6 fusion_builder_column_1_2 1_2 fusion-flex-column\" style=\"--awb-padding-top:20px;--awb-padding-right:0px;--awb-padding-bottom:0px;--awb-padding-left:0px;--awb-bg-size:cover;--awb-width-large:50%;--awb-margin-top-large:0px;--awb-spacing-right-large:0;--awb-margin-bottom-large:0px;--awb-spacing-left-large:30px;--awb-width-medium:100%;--awb-order-medium:0;--awb-spacing-right-medium:1.92%;--awb-spacing-left-medium:1.92%;--awb-width-small:100%;--awb-order-small:0;--awb-spacing-right-small:1.92%;--awb-spacing-left-small:1.92%;\"><div class=\"fusion-column-wrapper fusion-column-has-shadow fusion-flex-justify-content-flex-start fusion-content-layout-column\"><div class=\"fusion-menu-anchor\" id=\"mission\"><\/div><div class=\"fusion-title title fusion-title-4 fusion-sep-none fusion-title-text fusion-title-size-two\" style=\"--awb-text-color:#61c2d0;\"><h2 class=\"title-heading-left fusion-responsive-typography-calculated\" style=\"margin:0;--fontSize:40;line-height:1.0;\">La Misi\u00f3n<\/h2><\/div><div class=\"fusion-separator\" style=\"align-self: flex-start;margin-right:auto;margin-top:20px;margin-bottom:20px;width:100%;max-width:100px;\"><div class=\"fusion-separator-border sep-single sep-solid\" style=\"border-color:#b9e2a4;border-top-width:3px;\"><\/div><\/div><div class=\"fusion-text fusion-text-4\" style=\"--awb-font-size:20px;\"><p>Estamos comprometidos a involucrar a las partes interesadas y organismos internacionales clave para tomar decisiones informadas, brindando el apoyo necesario, escuchando y creando soluciones a medida para los diferentes sectores espec\u00edficos.<\/p>\n<p>No solo comercializamos y producimos materiales de calidad, sino que tambi\u00e9n estamos comprometidos con la educaci\u00f3n, brindando una educaci\u00f3n completa y responsable sobre los procesos, herramientas y fen\u00f3menos de desinfecci\u00f3n. Estamos dedicados a difundir una mayor conciencia y comprensi\u00f3n de estos problemas para garantizar la seguridad y la salud de la comunidad.<\/p>\n<p>Nuestro equipo de profesionales est\u00e1 siempre listo para entregar productos de la m\u00e1s alta calidad, superando las expectativas, con respuestas precisas y soluciones personalizadas que satisfagan las necesidades de los operadores, brind\u00e1ndoles una ventaja competitiva.<\/p>\n<p>Para AMIL Care, la pasi\u00f3n no se limita a la elaboraci\u00f3n de productos de calidad, sino que se extiende a la constante dedicaci\u00f3n por crear un mundo m\u00e1s limpio y seguro, donde la salud y el bienestar sean lo primero.<\/p>\n<\/div><\/div><\/div><\/div><\/div><\/p>\n","protected":false},"excerpt":{"rendered":"","protected":false},"author":1,"featured_media":0,"parent":0,"menu_order":0,"comment_status":"closed","ping_status":"closed","template":"100-width.php","meta":{"footnotes":""},"class_list":["post-3995","page","type-page","status-publish","hentry"],"acf":[],"yoast_head":"<title>Empresa - Amil Care<\/title>\n<meta name=\"robots\" content=\"index, follow, max-snippet:-1, max-image-preview:large, max-video-preview:-1\" \/>\n<link rel=\"canonical\" href=\"https:\/\/www.amil-care.com\/es\/empresa\/\" \/>\n<meta property=\"og:locale\" content=\"es_ES\" \/>\n<meta property=\"og:type\" content=\"article\" \/>\n<meta property=\"og:title\" content=\"Empresa - Amil Care\" \/>\n<meta property=\"og:url\" content=\"https:\/\/www.amil-care.com\/es\/empresa\/\" \/>\n<meta property=\"og:site_name\" content=\"Amil Care\" \/>\n<meta property=\"article:modified_time\" content=\"2023-02-08T10:27:19+00:00\" \/>\n<meta name=\"twitter:card\" content=\"summary_large_image\" \/>\n<meta name=\"twitter:label1\" content=\"Tiempo de lectura\" \/>\n\t<meta name=\"twitter:data1\" content=\"13 minutos\" \/>\n<script type=\"application\/ld+json\" class=\"yoast-schema-graph\">{\"@context\":\"https:\/\/schema.org\",\"@graph\":[{\"@type\":\"WebPage\",\"@id\":\"https:\/\/www.amil-care.com\/es\/empresa\/\",\"url\":\"https:\/\/www.amil-care.com\/es\/empresa\/\",\"name\":\"Empresa - Amil Care\",\"isPartOf\":{\"@id\":\"https:\/\/www.amil-care.com\/es\/#website\"},\"datePublished\":\"2021-11-17T15:13:10+00:00\",\"dateModified\":\"2023-02-08T10:27:19+00:00\",\"breadcrumb\":{\"@id\":\"https:\/\/www.amil-care.com\/es\/empresa\/#breadcrumb\"},\"inLanguage\":\"es\",\"potentialAction\":[{\"@type\":\"ReadAction\",\"target\":[\"https:\/\/www.amil-care.com\/es\/empresa\/\"]}]},{\"@type\":\"BreadcrumbList\",\"@id\":\"https:\/\/www.amil-care.com\/es\/empresa\/#breadcrumb\",\"itemListElement\":[{\"@type\":\"ListItem\",\"position\":1,\"name\":\"Home\",\"item\":\"https:\/\/www.amil-care.com\/es\/\"},{\"@type\":\"ListItem\",\"position\":2,\"name\":\"Empresa\"}]},{\"@type\":\"WebSite\",\"@id\":\"https:\/\/www.amil-care.com\/es\/#website\",\"url\":\"https:\/\/www.amil-care.com\/es\/\",\"name\":\"AMIL CARE\",\"description\":\"Sistemi di disinfezione e sanificazione avanzati\",\"publisher\":{\"@id\":\"https:\/\/www.amil-care.com\/es\/#organization\"},\"alternateName\":\"AMIL CARE ITALIA S.R.L.\",\"potentialAction\":[{\"@type\":\"SearchAction\",\"target\":{\"@type\":\"EntryPoint\",\"urlTemplate\":\"https:\/\/www.amil-care.com\/es\/?s={search_term_string}\"},\"query-input\":\"required name=search_term_string\"}],\"inLanguage\":\"es\"},{\"@type\":\"Organization\",\"@id\":\"https:\/\/www.amil-care.com\/es\/#organization\",\"name\":\"AMIL CARE ITALIA S.R.L.\",\"alternateName\":\"AMIL CARE\",\"url\":\"https:\/\/www.amil-care.com\/es\/\",\"logo\":{\"@type\":\"ImageObject\",\"inLanguage\":\"es\",\"@id\":\"https:\/\/www.amil-care.com\/es\/#\/schema\/logo\/image\/\",\"url\":\"https:\/\/www.amil-care.com\/wp-content\/uploads\/2021\/02\/logo_amilcare.png\",\"contentUrl\":\"https:\/\/www.amil-care.com\/wp-content\/uploads\/2021\/02\/logo_amilcare.png\",\"width\":398,\"height\":88,\"caption\":\"AMIL CARE ITALIA S.R.L.\"},\"image\":{\"@id\":\"https:\/\/www.amil-care.com\/es\/#\/schema\/logo\/image\/\"}}]}<\/script>","yoast_head_json":{"title":"Empresa - Amil Care","robots":{"index":"index","follow":"follow","max-snippet":"max-snippet:-1","max-image-preview":"max-image-preview:large","max-video-preview":"max-video-preview:-1"},"canonical":"https:\/\/www.amil-care.com\/es\/empresa\/","og_locale":"es_ES","og_type":"article","og_title":"Empresa - Amil Care","og_url":"https:\/\/www.amil-care.com\/es\/empresa\/","og_site_name":"Amil Care","article_modified_time":"2023-02-08T10:27:19+00:00","twitter_card":"summary_large_image","twitter_misc":{"Tiempo de lectura":"13 minutos"},"schema":{"@context":"https:\/\/schema.org","@graph":[{"@type":"WebPage","@id":"https:\/\/www.amil-care.com\/es\/empresa\/","url":"https:\/\/www.amil-care.com\/es\/empresa\/","name":"Empresa - Amil Care","isPartOf":{"@id":"https:\/\/www.amil-care.com\/es\/#website"},"datePublished":"2021-11-17T15:13:10+00:00","dateModified":"2023-02-08T10:27:19+00:00","breadcrumb":{"@id":"https:\/\/www.amil-care.com\/es\/empresa\/#breadcrumb"},"inLanguage":"es","potentialAction":[{"@type":"ReadAction","target":["https:\/\/www.amil-care.com\/es\/empresa\/"]}]},{"@type":"BreadcrumbList","@id":"https:\/\/www.amil-care.com\/es\/empresa\/#breadcrumb","itemListElement":[{"@type":"ListItem","position":1,"name":"Home","item":"https:\/\/www.amil-care.com\/es\/"},{"@type":"ListItem","position":2,"name":"Empresa"}]},{"@type":"WebSite","@id":"https:\/\/www.amil-care.com\/es\/#website","url":"https:\/\/www.amil-care.com\/es\/","name":"AMIL CARE","description":"Sistemi di disinfezione e sanificazione avanzati","publisher":{"@id":"https:\/\/www.amil-care.com\/es\/#organization"},"alternateName":"AMIL CARE ITALIA S.R.L.","potentialAction":[{"@type":"SearchAction","target":{"@type":"EntryPoint","urlTemplate":"https:\/\/www.amil-care.com\/es\/?s={search_term_string}"},"query-input":"required name=search_term_string"}],"inLanguage":"es"},{"@type":"Organization","@id":"https:\/\/www.amil-care.com\/es\/#organization","name":"AMIL CARE ITALIA S.R.L.","alternateName":"AMIL CARE","url":"https:\/\/www.amil-care.com\/es\/","logo":{"@type":"ImageObject","inLanguage":"es","@id":"https:\/\/www.amil-care.com\/es\/#\/schema\/logo\/image\/","url":"https:\/\/www.amil-care.com\/wp-content\/uploads\/2021\/02\/logo_amilcare.png","contentUrl":"https:\/\/www.amil-care.com\/wp-content\/uploads\/2021\/02\/logo_amilcare.png","width":398,"height":88,"caption":"AMIL CARE ITALIA S.R.L."},"image":{"@id":"https:\/\/www.amil-care.com\/es\/#\/schema\/logo\/image\/"}}]}},"_links":{"self":[{"href":"https:\/\/www.amil-care.com\/es\/wp-json\/wp\/v2\/pages\/3995","targetHints":{"allow":["GET"]}}],"collection":[{"href":"https:\/\/www.amil-care.com\/es\/wp-json\/wp\/v2\/pages"}],"about":[{"href":"https:\/\/www.amil-care.com\/es\/wp-json\/wp\/v2\/types\/page"}],"author":[{"embeddable":true,"href":"https:\/\/www.amil-care.com\/es\/wp-json\/wp\/v2\/users\/1"}],"replies":[{"embeddable":true,"href":"https:\/\/www.amil-care.com\/es\/wp-json\/wp\/v2\/comments?post=3995"}],"version-history":[{"count":17,"href":"https:\/\/www.amil-care.com\/es\/wp-json\/wp\/v2\/pages\/3995\/revisions"}],"predecessor-version":[{"id":7847,"href":"https:\/\/www.amil-care.com\/es\/wp-json\/wp\/v2\/pages\/3995\/revisions\/7847"}],"wp:attachment":[{"href":"https:\/\/www.amil-care.com\/es\/wp-json\/wp\/v2\/media?parent=3995"}],"curies":[{"name":"wp","href":"https:\/\/api.w.org\/{rel}","templated":true}]}}