{"id":4305,"date":"2021-11-17T16:30:19","date_gmt":"2021-11-17T15:30:19","guid":{"rendered":"https:\/\/www.amil-care.com\/home-page-amil-care\/"},"modified":"2023-02-08T11:18:38","modified_gmt":"2023-02-08T10:18:38","slug":"home-page-amil-care","status":"publish","type":"page","link":"https:\/\/www.amil-care.com\/es\/","title":{"rendered":"Home Page \u2013 Amil Care"},"content":{"rendered":"<p><div class=\"fusion-fullwidth fullwidth-box fusion-builder-row-1 fusion-flex-container has-pattern-background has-mask-background fusion-parallax-none hundred-percent-fullwidth non-hundred-percent-height-scrolling\" style=\"--awb-border-radius-top-left:0px;--awb-border-radius-top-right:0px;--awb-border-radius-bottom-right:0px;--awb-border-radius-bottom-left:0px;--awb-min-height:90vh;--awb-background-image:url(&quot;https:\/\/www.amil-care.com\/wp-content\/uploads\/2023\/01\/Amilcare_WEBSITE_OPEN-2.jpg&quot;);--awb-background-size:cover;\" id=\"MainSlideHomepage\" ><div class=\"fusion-builder-row fusion-row fusion-flex-align-items-flex-start\" style=\"width:104% !important;max-width:104% !important;margin-left: calc(-4% \/ 2 );margin-right: calc(-4% \/ 2 );\"><div class=\"fusion-layout-column fusion_builder_column fusion-builder-column-0 fusion-flex-column\" style=\"--awb-padding-top:0px;--awb-padding-right:0px;--awb-padding-bottom:0px;--awb-padding-left:0px;--awb-bg-size:cover;--awb-width-large:auto;--awb-margin-top-large:0px;--awb-spacing-right-large:0;--awb-margin-bottom-large:0px;--awb-spacing-left-large:0;--awb-width-medium:100%;--awb-order-medium:0;--awb-spacing-right-medium:1.92%;--awb-spacing-left-medium:1.92%;--awb-width-small:100%;--awb-order-small:0;--awb-spacing-right-small:1.92%;--awb-spacing-left-small:1.92%;\" id=\"SliderHomepage\"><div class=\"fusion-column-wrapper fusion-column-has-shadow fusion-flex-justify-content-flex-start fusion-content-layout-block\"><div class=\"HomePageSlider\">\n\t<div class=\"CloseRight\" onmouseenter=\"LayerRightLeave()\"><\/div>\n\t<div class=\"CloseLeft\" onmouseenter=\"LayerLeftLeave()\"><\/div>\n\t<div class=\"ContentLayerCenter\">El sistema optimo de<br>Bio-Desinfecci\u00f3n de alto nivel<\/div>\n    <div class=\"LayerLeft\" onmouseenter=\"LayerLeftHover()\">INDUSTRIA MEDICA +<\/div>\n    <div class=\"LayerRight\" onmouseenter=\"LayerRightHover()\">SECTOR DE HOSTELER\u00cdA +<\/div>\n    <div class=\"ContentLayer ContentLayerLeft\">\n        <div class=\"ContentLayerWrapper\">\n            <div class=\"ContentLayer_Title\">INDUSTRIA MEDICA<\/div>\n\t\t\t<div class=\"ContentLayer_Text\">\n            <div>\u25cf LABORATORIO\/DIAGN\u00d3STICO<\/div>\n            <div>\u25cf HOGARES DE ANCIANOS<\/div>\n            <div>\u25cf FARMAC\u00c9UTICA<\/div>\n            <div>\u25cf OFTALM\u00d3LOGIA<\/div>\n            <div>\u25cf AMBULATORIO<\/div>\n            <div>\u25cf DENTAL<\/div>\n\t\t\t<\/div>\n\t\t\t<a class=\"LinkSezione\" href=\"https:\/\/www.amil-care.com\/es\/sector-medico\/\">ENTRAR<\/a>\n\t\t\t<div class=\"CloseSection\">x<\/div>\n        <\/div>\n    <\/div>\n    <div class=\"ContentLayer ContentLayerRight\">\n        <div class=\"ContentLayerWrapper\">\n            <div class=\"ContentLayer_Title\">SECTOR DE HOSTELER\u00cdA<\/div>\n\t\t\t<div class=\"ContentLayer_Text\">\n            <div>\u25cf ALIMENTOS Y BEBIDAS<\/div>\n            <div>\u25cf REUNIONES\/EVENTOS<\/div>\n            <div>\u25cf ENTRETENIMIENTO<\/div>\n            <div>\u25cf VIAJE\/TURISMO<\/div>\n            <div>\u25cf RECREACI\u00d3N\/ALOJAMIENTO<\/div>\n            <div>\u25cf GDO<\/div>\n\t\t\t<\/div>\n            <a class=\"LinkSezione\" href=\"https:\/\/www.amil-care.com\/es\/sectores-industriales\/\">ENTRAR<\/a>\n\t\t\t<div class=\"CloseSection\">x<\/div>\n        <\/div>\n    <\/div>\n<\/div>\n<script>\njQuery(\".LayerLeft\").click(function()\n\t{\n    jQuery(\".ContentLayerLeft\").addClass(\"visibile\");\n    jQuery(\".HomePageSlider\").addClass(\"isOpen\");\n    jQuery(\".ContentLayerRight\").removeClass(\"visibile\");\n\t});\njQuery(\".LayerRight\").click(function()\n\t{\n    jQuery(\".ContentLayerRight\").addClass(\"visibile\");\n    jQuery(\".HomePageSlider\").addClass(\"isOpen\");\n    jQuery(\".ContentLayerLeft\").removeClass(\"visibile\");\n\t});\njQuery(\".CloseSection\").click(function()\n\t{\n    jQuery(this).closest(\".ContentLayer\").removeClass(\"visibile\");\n    jQuery(\".HomePageSlider\").removeClass(\"isOpen\");\n\t});\nfunction LayerLeftHover()\n\t{\n    jQuery(\".ContentLayerLeft\").addClass(\"visibile\");\n    jQuery(\".HomePageSlider\").addClass(\"isOpen\");\n    jQuery(\".ContentLayerRight\").removeClass(\"visibile\");\n\t}\nfunction LayerLeftLeave()\n\t{\n    jQuery(\".ContentLayer.ContentLayerLeft\").removeClass(\"visibile\");\n    jQuery(\".HomePageSlider\").removeClass(\"isOpen\");\n\t}\nfunction LayerRightLeave()\n\t{\n    jQuery(\".ContentLayer.ContentLayerRight\").removeClass(\"visibile\");\n    jQuery(\".HomePageSlider\").removeClass(\"isOpen\");\n\t}\nfunction LayerRightHover()\n\t{\n    jQuery(\".ContentLayerRight\").addClass(\"visibile\");\n    jQuery(\".HomePageSlider\").addClass(\"isOpen\");\n    jQuery(\".ContentLayerLeft\").removeClass(\"visibile\");\n\t}\n<\/script><\/div><\/div><\/div><\/div><div class=\"fusion-fullwidth fullwidth-box fusion-builder-row-2 fusion-flex-container has-pattern-background has-mask-background hundred-percent-fullwidth non-hundred-percent-height-scrolling\" style=\"--awb-background-position:left top;--awb-border-sizes-top:0;--awb-border-sizes-bottom:0px;--awb-border-sizes-left:0px;--awb-border-sizes-right:0px;--awb-border-radius-top-left:0px;--awb-border-radius-top-right:0px;--awb-border-radius-bottom-right:0px;--awb-border-radius-bottom-left:0px;--awb-padding-top:0px;--awb-padding-right:0px;--awb-padding-bottom:30px;--awb-padding-left:0px;--awb-margin-top:0px;--awb-margin-bottom:0px;--awb-background-color:#ffffff;\" id=\"https:\/\/www.amil-care.com\/wp-admin\/post.php?post=1117&amp;action=edit#\" ><div class=\"fusion-builder-row fusion-row fusion-flex-align-items-flex-start\" style=\"width:104% !important;max-width:104% !important;margin-left: calc(-4% \/ 2 );margin-right: calc(-4% \/ 2 );\"><div class=\"fusion-layout-column fusion_builder_column fusion-builder-column-1 fusion_builder_column_1_2 1_2 fusion-flex-column fusion-flex-align-self-flex-start\" style=\"--awb-padding-top:140px;--awb-padding-right:39px;--awb-padding-bottom:140px;--awb-padding-left:39px;--awb-bg-image:url(&#039;https:\/\/www.amil-care.com\/wp-content\/uploads\/2021\/03\/Landing-bkg.jpg&#039;);--awb-bg-size:cover;--awb-width-large:50%;--awb-margin-top-large:0px;--awb-spacing-right-large:0%;--awb-margin-bottom-large:0px;--awb-spacing-left-large:0%;--awb-width-medium:100%;--awb-order-medium:0;--awb-spacing-right-medium:1.92%;--awb-spacing-left-medium:1.92%;--awb-width-small:100%;--awb-order-small:0;--awb-spacing-right-small:1.92%;--awb-spacing-left-small:1.92%;\"><div class=\"fusion-column-wrapper fusion-column-has-shadow fusion-flex-justify-content-center fusion-content-layout-row\" data-bg-url=\"https:\/\/www.amil-care.com\/wp-content\/uploads\/2021\/03\/Landing-bkg.jpg\"><div class=\"fusion-title title fusion-title-1 fusion-sep-none fusion-title-text fusion-title-size-two\" style=\"--awb-text-color:#ffffff;--awb-font-size:52px;\"><h2 class=\"title-heading-left fusion-responsive-typography-calculated\" style=\"margin:0;font-size:1em;--fontSize:52;line-height:1.08;\"><p style=\"text-align: center;\"><span style=\"font-family: Montserrat; font-weight: 300;\" data-fusion-font=\"true\" data-fusion-google-font=\"Montserrat\" data-fusion-google-variant=\"300\">La cultura<br \/>\nAMIL Care<\/span><\/p><\/h2><\/div><\/div><\/div><div class=\"fusion-layout-column fusion_builder_column fusion-builder-column-2 fusion_builder_column_1_2 1_2 fusion-flex-column\" style=\"--awb-padding-right:30px;--awb-padding-left:30px;--awb-bg-size:cover;--awb-width-large:50%;--awb-margin-top-large:20px;--awb-spacing-right-large:30px;--awb-margin-bottom-large:0px;--awb-spacing-left-large:0;--awb-width-medium:100%;--awb-order-medium:0;--awb-spacing-right-medium:1.92%;--awb-spacing-left-medium:1.92%;--awb-width-small:100%;--awb-order-small:0;--awb-spacing-right-small:1.92%;--awb-spacing-left-small:1.92%;\"><div class=\"fusion-column-wrapper fusion-column-has-shadow fusion-flex-justify-content-flex-start fusion-content-layout-column\"><div class=\"fusion-text fusion-text-1\" style=\"--awb-font-size:24px;\"><p>AMIL Care se especializa en el dise\u00f1o, desarrollo e implementaci\u00f3n de nuevas tecnolog\u00edas automatizadas para <b style=\"color: #61c2d0;\">estandarizar los procesos de desinfecci\u00f3n ambiental<\/b><span style=\"color: #61c2d0;\">.<\/span><\/p>\n<p>AMIL Care es fabricante de dispositivos m\u00e9dicos y fabricante autorizado de productos PMC y BIOCIDAL.<\/p>\n<p style=\"color: #61c2d0;\"><u><a style=\"color: #61c2d0;\" href=\"https:\/\/www.amil-care.com\/es\/empresa\/\">Saber m\u00e1s<\/a><\/u><\/p>\n<\/div><\/div><\/div><\/div><\/div><div class=\"fusion-fullwidth fullwidth-box fusion-builder-row-3 fusion-flex-container has-pattern-background has-mask-background hundred-percent-fullwidth non-hundred-percent-height-scrolling\" style=\"--awb-background-position:left top;--awb-border-sizes-top:0;--awb-border-sizes-bottom:0px;--awb-border-sizes-left:0px;--awb-border-sizes-right:0px;--awb-border-radius-top-left:0px;--awb-border-radius-top-right:0px;--awb-border-radius-bottom-right:0px;--awb-border-radius-bottom-left:0px;--awb-padding-top:0px;--awb-padding-right:0px;--awb-padding-bottom:0px;--awb-padding-left:0px;--awb-margin-top:0px;--awb-margin-bottom:0px;--awb-background-color:#ffffff;\" id=\"https:\/\/www.amil-care.com\/wp-admin\/post.php?post=1117&amp;action=edit#\" ><div class=\"fusion-builder-row fusion-row fusion-flex-align-items-flex-start\" style=\"width:104% !important;max-width:104% !important;margin-left: calc(-4% \/ 2 );margin-right: calc(-4% \/ 2 );\"><div class=\"fusion-layout-column fusion_builder_column fusion-builder-column-3 fusion_builder_column_1_2 1_2 fusion-flex-column\" style=\"--awb-padding-right:40px;--awb-padding-left:100px;--awb-padding-left-small:36px;--awb-bg-size:cover;--awb-width-large:50%;--awb-margin-top-large:0px;--awb-spacing-right-large:0;--awb-margin-bottom-large:0px;--awb-spacing-left-large:0;--awb-width-medium:100%;--awb-order-medium:1;--awb-spacing-right-medium:1.92%;--awb-spacing-left-medium:1.92%;--awb-width-small:100%;--awb-order-small:1;--awb-spacing-right-small:1.92%;--awb-spacing-left-small:1.92%;\"><div class=\"fusion-column-wrapper fusion-column-has-shadow fusion-flex-justify-content-flex-start fusion-content-layout-column\"><div class=\"fusion-text fusion-text-2\" style=\"--awb-font-size:24px;\"><p>AMIL Care ha desarrollado el sistema <span style=\"color: #61c2d0;\"><b>Medisystem<\/b><\/span>, cuya eficacia est\u00e1 garantizada tanto por la adherencia a los <b style=\"color: #61c2d0;\">protocolos cient\u00edficos m\u00e1s acreditados<\/b> como por el <b style=\"color: #61c2d0;\">cumplimiento de la normativa vigente.<\/b>.<\/p>\n<p><span style=\"color: #61c2d0;\"><u><a style=\"color: #61c2d0;\" href=\"https:\/\/www.amil-care.com\/es\/eficacia\/\">Saber m\u00e1s<\/a><\/u><\/span><\/p>\n<\/div><\/div><\/div><div class=\"fusion-layout-column fusion_builder_column fusion-builder-column-4 fusion_builder_column_1_2 1_2 fusion-flex-column fusion-flex-align-self-flex-start\" style=\"--awb-padding-top:140px;--awb-padding-right:39px;--awb-padding-bottom:140px;--awb-padding-left:39px;--awb-bg-image:url(&#039;https:\/\/www.amil-care.com\/wp-content\/uploads\/2021\/03\/Landing-bkg.jpg&#039;);--awb-bg-size:cover;--awb-width-large:50%;--awb-margin-top-large:0px;--awb-spacing-right-large:0%;--awb-margin-bottom-large:0px;--awb-spacing-left-large:0%;--awb-width-medium:100%;--awb-order-medium:0;--awb-spacing-right-medium:1.92%;--awb-spacing-left-medium:1.92%;--awb-width-small:100%;--awb-order-small:0;--awb-spacing-right-small:1.92%;--awb-margin-bottom-small:30;--awb-spacing-left-small:1.92%;\"><div class=\"fusion-column-wrapper fusion-column-has-shadow fusion-flex-justify-content-center fusion-content-layout-row\" data-bg-url=\"https:\/\/www.amil-care.com\/wp-content\/uploads\/2021\/03\/Landing-bkg.jpg\"><div class=\"fusion-title title fusion-title-2 fusion-sep-none fusion-title-text fusion-title-size-two\" style=\"--awb-text-color:#ffffff;--awb-font-size:52px;\"><h2 class=\"title-heading-left fusion-responsive-typography-calculated\" style=\"margin:0;font-size:1em;--fontSize:52;line-height:1.08;\"><p style=\"text-align: center;\"><span style=\"font-family: Montserrat; font-weight: 300;\" data-fusion-font=\"true\" data-fusion-google-font=\"Montserrat\" data-fusion-google-variant=\"300\">La eficacia<br \/>\nde Medisystem<\/span><\/p><\/h2><\/div><\/div><\/div><\/div><\/div><div class=\"fusion-fullwidth fullwidth-box fusion-builder-row-4 fusion-flex-container nonhundred-percent-fullwidth non-hundred-percent-height-scrolling\" style=\"--awb-border-radius-top-left:0px;--awb-border-radius-top-right:0px;--awb-border-radius-bottom-right:0px;--awb-border-radius-bottom-left:0px;--awb-margin-top:0px;\" ><div class=\"fusion-builder-row fusion-row fusion-flex-align-items-flex-start\" style=\"max-width:1216.8px;margin-left: calc(-4% \/ 2 );margin-right: calc(-4% \/ 2 );\"><div class=\"fusion-layout-column fusion_builder_column fusion-builder-column-5 fusion_builder_column_1_1 1_1 fusion-flex-column\" style=\"--awb-bg-size:cover;--awb-width-large:100%;--awb-spacing-right-large:1.92%;--awb-spacing-left-large:1.92%;--awb-width-medium:100%;--awb-order-medium:0;--awb-spacing-right-medium:1.92%;--awb-spacing-left-medium:1.92%;--awb-width-small:100%;--awb-order-small:0;--awb-spacing-right-small:1.92%;--awb-spacing-left-small:1.92%;\"><div class=\"fusion-column-wrapper fusion-column-has-shadow fusion-flex-justify-content-flex-start fusion-content-layout-column\"><div class=\"fusion-recent-posts fusion-recent-posts-1 avada-container layout-default layout-columns-3\"><section class=\"fusion-columns columns fusion-columns-3 columns-3\"><article class=\"post fusion-column column col col-lg-4 col-md-4 col-sm-4\"><div class=\"fusion-flexslider fusion-flexslider-loading flexslider flexslider-hover-type-none\"><ul class=\"slides\"><li><a href=\"https:\/\/www.amil-care.com\/es\/2023\/08\/23\/fotocatalisis-solucion-ecologica\/\" aria-label=\"Fotocat\u00e1lisis: una soluci\u00f3n respetuosa con el medio ambiente\" class=\"hover-type-none\"><img decoding=\"async\" width=\"700\" height=\"441\" src=\"https:\/\/www.amil-care.com\/wp-content\/uploads\/2023\/08\/10_b-700x441.jpg\" class=\"attachment-recent-posts size-recent-posts\" alt=\"fotocat\u00e1lisis sanitaria\" srcset=\"https:\/\/www.amil-care.com\/wp-content\/uploads\/2023\/08\/10_b-320x202.jpg 320w, https:\/\/www.amil-care.com\/wp-content\/uploads\/2023\/08\/10_b-700x441.jpg 700w\" sizes=\"(max-width: 700px) 100vw, 700px\" \/><\/a><\/li><\/ul><\/div><div class=\"recent-posts-content\"><span class=\"vcard\" style=\"display: none;\"><span class=\"fn\"><a href=\"https:\/\/www.amil-care.com\/es\/author\/amilcare_admin\/\" title=\"Entradas de amilcare_admin\" rel=\"author\">amilcare_admin<\/a><\/span><\/span><span class=\"updated\" style=\"display:none;\">2023-09-20T11:04:20+02:00<\/span><h4 class=\"entry-title\"><a href=\"https:\/\/www.amil-care.com\/es\/2023\/08\/23\/fotocatalisis-solucion-ecologica\/\">Fotocat\u00e1lisis: una soluci\u00f3n respetuosa con el medio ambiente<\/a><\/h4><p class=\"meta\"><span class=\"vcard\" style=\"display: none;\"><span class=\"fn\"><a href=\"https:\/\/www.amil-care.com\/es\/author\/amilcare_admin\/\" title=\"Entradas de amilcare_admin\" rel=\"author\">amilcare_admin<\/a><\/span><\/span><span class=\"updated\" style=\"display:none;\">2023-09-20T11:04:20+02:00<\/span><span>23 agosto 2023<\/span><span class=\"fusion-inline-sep\">|<\/span><\/p><p>La desinfecci\u00f3n de los entornos, como ya sabemos, es esencial, ya sea la desinfecci\u00f3n de entornos sanitarios (hospitales, hospitales, consultorios dentales, cl\u00ednicas ambulatorias o la desinfecci\u00f3n de entornos industriales), la industria alimentaria, por razones obvias, [...]<\/p><\/div><\/article><article class=\"post fusion-column column col col-lg-4 col-md-4 col-sm-4\"><div class=\"fusion-flexslider fusion-flexslider-loading flexslider flexslider-hover-type-none\"><ul class=\"slides\"><li><a href=\"https:\/\/www.amil-care.com\/es\/2023\/08\/16\/cambio-climatico-y-riesgos-para-la-salud-como-prevenirlos\/\" aria-label=\"Cambio clim\u00e1tico y riesgos para la salud: c\u00f3mo prevenirlos\" class=\"hover-type-none\"><img decoding=\"async\" width=\"700\" height=\"441\" src=\"https:\/\/www.amil-care.com\/wp-content\/uploads\/2023\/08\/40_3-700x441.jpg\" class=\"attachment-recent-posts size-recent-posts\" alt=\"cambio clim\u00e1tico y salud\" srcset=\"https:\/\/www.amil-care.com\/wp-content\/uploads\/2023\/08\/40_3-320x202.jpg 320w, https:\/\/www.amil-care.com\/wp-content\/uploads\/2023\/08\/40_3-700x441.jpg 700w\" sizes=\"(max-width: 700px) 100vw, 700px\" \/><\/a><\/li><\/ul><\/div><div class=\"recent-posts-content\"><span class=\"vcard\" style=\"display: none;\"><span class=\"fn\"><a href=\"https:\/\/www.amil-care.com\/es\/author\/amilcare_admin\/\" title=\"Entradas de amilcare_admin\" rel=\"author\">amilcare_admin<\/a><\/span><\/span><span class=\"updated\" style=\"display:none;\">2023-09-27T12:33:54+02:00<\/span><h4 class=\"entry-title\"><a href=\"https:\/\/www.amil-care.com\/es\/2023\/08\/16\/cambio-climatico-y-riesgos-para-la-salud-como-prevenirlos\/\">Cambio clim\u00e1tico y riesgos para la salud: c\u00f3mo prevenirlos<\/a><\/h4><p class=\"meta\"><span class=\"vcard\" style=\"display: none;\"><span class=\"fn\"><a href=\"https:\/\/www.amil-care.com\/es\/author\/amilcare_admin\/\" title=\"Entradas de amilcare_admin\" rel=\"author\">amilcare_admin<\/a><\/span><\/span><span class=\"updated\" style=\"display:none;\">2023-09-27T12:33:54+02:00<\/span><span>16 agosto 2023<\/span><span class=\"fusion-inline-sep\">|<\/span><\/p><p>Se habla cada vez m\u00e1s del cambio clim\u00e1tico; el tema, como debe ser, ha entrado leg\u00edtimamente en el debate p\u00fablico y est\u00e1 influyendo en las acciones de los gobiernos y las comunidades. Se multiplican los [...]<\/p><\/div><\/article><article class=\"post fusion-column column col col-lg-4 col-md-4 col-sm-4\"><div class=\"fusion-flexslider fusion-flexslider-loading flexslider flexslider-hover-type-none\"><ul class=\"slides\"><li><a href=\"https:\/\/www.amil-care.com\/es\/2023\/08\/09\/medisystem-system-desinfeccion\/\" aria-label=\"Descubramos el sistema de desinfecci\u00f3n Medisystem\" class=\"hover-type-none\"><img decoding=\"async\" width=\"700\" height=\"441\" src=\"https:\/\/www.amil-care.com\/wp-content\/uploads\/2023\/08\/39.-AMIL-Care_Panoramica-Medisystem-700x441.jpg\" class=\"attachment-recent-posts size-recent-posts\" alt=\"sistema de desinfecci\u00f3n medysistem\" srcset=\"https:\/\/www.amil-care.com\/wp-content\/uploads\/2023\/08\/39.-AMIL-Care_Panoramica-Medisystem-320x202.jpg 320w, https:\/\/www.amil-care.com\/wp-content\/uploads\/2023\/08\/39.-AMIL-Care_Panoramica-Medisystem-700x441.jpg 700w\" sizes=\"(max-width: 700px) 100vw, 700px\" \/><\/a><\/li><\/ul><\/div><div class=\"recent-posts-content\"><span class=\"vcard\" style=\"display: none;\"><span class=\"fn\"><a href=\"https:\/\/www.amil-care.com\/es\/author\/amilcare_admin\/\" title=\"Entradas de amilcare_admin\" rel=\"author\">amilcare_admin<\/a><\/span><\/span><span class=\"updated\" style=\"display:none;\">2023-10-18T10:24:48+02:00<\/span><h4 class=\"entry-title\"><a href=\"https:\/\/www.amil-care.com\/es\/2023\/08\/09\/medisystem-system-desinfeccion\/\">Descubramos el sistema de desinfecci\u00f3n Medisystem<\/a><\/h4><p class=\"meta\"><span class=\"vcard\" style=\"display: none;\"><span class=\"fn\"><a href=\"https:\/\/www.amil-care.com\/es\/author\/amilcare_admin\/\" title=\"Entradas de amilcare_admin\" rel=\"author\">amilcare_admin<\/a><\/span><\/span><span class=\"updated\" style=\"display:none;\">2023-10-18T10:24:48+02:00<\/span><span>9 agosto 2023<\/span><span class=\"fusion-inline-sep\">|<\/span><\/p><p>Medisystem nace de la experiencia de AMIL Care, un sistema patentado de desinfecci\u00f3n automatizada capaz de proporcionar un amplio espectro de eficacia, gracias a la combinaci\u00f3n de m\u00e1quinas micro nebulizadoras y soluciones qu\u00edmicas a base [...]<\/p><\/div><\/article><\/section><\/div><\/div><\/div><\/div><\/div><\/p>\n","protected":false},"excerpt":{"rendered":"","protected":false},"author":1,"featured_media":0,"parent":0,"menu_order":0,"comment_status":"closed","ping_status":"closed","template":"100-width.php","meta":{"footnotes":""},"class_list":["post-4305","page","type-page","status-publish","hentry"],"acf":[],"yoast_head":"<title>Home Page \u2013 Amil Care - Amil Care<\/title>\n<meta name=\"robots\" content=\"index, follow, max-snippet:-1, max-image-preview:large, max-video-preview:-1\" \/>\n<link rel=\"canonical\" href=\"https:\/\/www.amil-care.com\/es\/\" \/>\n<meta property=\"og:locale\" content=\"es_ES\" \/>\n<meta property=\"og:type\" content=\"article\" \/>\n<meta property=\"og:title\" content=\"Home Page \u2013 Amil Care - Amil Care\" \/>\n<meta property=\"og:url\" content=\"https:\/\/www.amil-care.com\/es\/\" \/>\n<meta property=\"og:site_name\" content=\"Amil Care\" \/>\n<meta property=\"article:modified_time\" content=\"2023-02-08T10:18:38+00:00\" \/>\n<meta name=\"twitter:card\" content=\"summary_large_image\" \/>\n<meta name=\"twitter:label1\" content=\"Tiempo de lectura\" \/>\n\t<meta name=\"twitter:data1\" content=\"9 minutos\" \/>\n<script type=\"application\/ld+json\" class=\"yoast-schema-graph\">{\"@context\":\"https:\/\/schema.org\",\"@graph\":[{\"@type\":\"WebPage\",\"@id\":\"https:\/\/www.amil-care.com\/es\/\",\"url\":\"https:\/\/www.amil-care.com\/es\/\",\"name\":\"Home Page \u2013 Amil Care - Amil Care\",\"isPartOf\":{\"@id\":\"https:\/\/www.amil-care.com\/es\/#website\"},\"datePublished\":\"2021-11-17T15:30:19+00:00\",\"dateModified\":\"2023-02-08T10:18:38+00:00\",\"breadcrumb\":{\"@id\":\"https:\/\/www.amil-care.com\/es\/#breadcrumb\"},\"inLanguage\":\"es\",\"potentialAction\":[{\"@type\":\"ReadAction\",\"target\":[\"https:\/\/www.amil-care.com\/es\/\"]}]},{\"@type\":\"BreadcrumbList\",\"@id\":\"https:\/\/www.amil-care.com\/es\/#breadcrumb\",\"itemListElement\":[{\"@type\":\"ListItem\",\"position\":1,\"name\":\"Home\",\"item\":\"https:\/\/www.amil-care.com\/es\/\"},{\"@type\":\"ListItem\",\"position\":2,\"name\":\"Home Page \u2013 Amil Care\"}]},{\"@type\":\"WebSite\",\"@id\":\"https:\/\/www.amil-care.com\/es\/#website\",\"url\":\"https:\/\/www.amil-care.com\/es\/\",\"name\":\"AMIL CARE\",\"description\":\"Sistemi di disinfezione e sanificazione avanzati\",\"publisher\":{\"@id\":\"https:\/\/www.amil-care.com\/es\/#organization\"},\"alternateName\":\"AMIL CARE ITALIA S.R.L.\",\"potentialAction\":[{\"@type\":\"SearchAction\",\"target\":{\"@type\":\"EntryPoint\",\"urlTemplate\":\"https:\/\/www.amil-care.com\/es\/?s={search_term_string}\"},\"query-input\":\"required name=search_term_string\"}],\"inLanguage\":\"es\"},{\"@type\":\"Organization\",\"@id\":\"https:\/\/www.amil-care.com\/es\/#organization\",\"name\":\"AMIL CARE ITALIA S.R.L.\",\"alternateName\":\"AMIL CARE\",\"url\":\"https:\/\/www.amil-care.com\/es\/\",\"logo\":{\"@type\":\"ImageObject\",\"inLanguage\":\"es\",\"@id\":\"https:\/\/www.amil-care.com\/es\/#\/schema\/logo\/image\/\",\"url\":\"https:\/\/www.amil-care.com\/wp-content\/uploads\/2021\/02\/logo_amilcare.png\",\"contentUrl\":\"https:\/\/www.amil-care.com\/wp-content\/uploads\/2021\/02\/logo_amilcare.png\",\"width\":398,\"height\":88,\"caption\":\"AMIL CARE ITALIA S.R.L.\"},\"image\":{\"@id\":\"https:\/\/www.amil-care.com\/es\/#\/schema\/logo\/image\/\"}}]}<\/script>","yoast_head_json":{"title":"Home Page \u2013 Amil Care - Amil Care","robots":{"index":"index","follow":"follow","max-snippet":"max-snippet:-1","max-image-preview":"max-image-preview:large","max-video-preview":"max-video-preview:-1"},"canonical":"https:\/\/www.amil-care.com\/es\/","og_locale":"es_ES","og_type":"article","og_title":"Home Page \u2013 Amil Care - Amil Care","og_url":"https:\/\/www.amil-care.com\/es\/","og_site_name":"Amil Care","article_modified_time":"2023-02-08T10:18:38+00:00","twitter_card":"summary_large_image","twitter_misc":{"Tiempo de lectura":"9 minutos"},"schema":{"@context":"https:\/\/schema.org","@graph":[{"@type":"WebPage","@id":"https:\/\/www.amil-care.com\/es\/","url":"https:\/\/www.amil-care.com\/es\/","name":"Home Page \u2013 Amil Care - Amil Care","isPartOf":{"@id":"https:\/\/www.amil-care.com\/es\/#website"},"datePublished":"2021-11-17T15:30:19+00:00","dateModified":"2023-02-08T10:18:38+00:00","breadcrumb":{"@id":"https:\/\/www.amil-care.com\/es\/#breadcrumb"},"inLanguage":"es","potentialAction":[{"@type":"ReadAction","target":["https:\/\/www.amil-care.com\/es\/"]}]},{"@type":"BreadcrumbList","@id":"https:\/\/www.amil-care.com\/es\/#breadcrumb","itemListElement":[{"@type":"ListItem","position":1,"name":"Home","item":"https:\/\/www.amil-care.com\/es\/"},{"@type":"ListItem","position":2,"name":"Home Page \u2013 Amil Care"}]},{"@type":"WebSite","@id":"https:\/\/www.amil-care.com\/es\/#website","url":"https:\/\/www.amil-care.com\/es\/","name":"AMIL CARE","description":"Sistemi di disinfezione e sanificazione avanzati","publisher":{"@id":"https:\/\/www.amil-care.com\/es\/#organization"},"alternateName":"AMIL CARE ITALIA S.R.L.","potentialAction":[{"@type":"SearchAction","target":{"@type":"EntryPoint","urlTemplate":"https:\/\/www.amil-care.com\/es\/?s={search_term_string}"},"query-input":"required name=search_term_string"}],"inLanguage":"es"},{"@type":"Organization","@id":"https:\/\/www.amil-care.com\/es\/#organization","name":"AMIL CARE ITALIA S.R.L.","alternateName":"AMIL CARE","url":"https:\/\/www.amil-care.com\/es\/","logo":{"@type":"ImageObject","inLanguage":"es","@id":"https:\/\/www.amil-care.com\/es\/#\/schema\/logo\/image\/","url":"https:\/\/www.amil-care.com\/wp-content\/uploads\/2021\/02\/logo_amilcare.png","contentUrl":"https:\/\/www.amil-care.com\/wp-content\/uploads\/2021\/02\/logo_amilcare.png","width":398,"height":88,"caption":"AMIL CARE ITALIA S.R.L."},"image":{"@id":"https:\/\/www.amil-care.com\/es\/#\/schema\/logo\/image\/"}}]}},"_links":{"self":[{"href":"https:\/\/www.amil-care.com\/es\/wp-json\/wp\/v2\/pages\/4305","targetHints":{"allow":["GET"]}}],"collection":[{"href":"https:\/\/www.amil-care.com\/es\/wp-json\/wp\/v2\/pages"}],"about":[{"href":"https:\/\/www.amil-care.com\/es\/wp-json\/wp\/v2\/types\/page"}],"author":[{"embeddable":true,"href":"https:\/\/www.amil-care.com\/es\/wp-json\/wp\/v2\/users\/1"}],"replies":[{"embeddable":true,"href":"https:\/\/www.amil-care.com\/es\/wp-json\/wp\/v2\/comments?post=4305"}],"version-history":[{"count":23,"href":"https:\/\/www.amil-care.com\/es\/wp-json\/wp\/v2\/pages\/4305\/revisions"}],"predecessor-version":[{"id":7843,"href":"https:\/\/www.amil-care.com\/es\/wp-json\/wp\/v2\/pages\/4305\/revisions\/7843"}],"wp:attachment":[{"href":"https:\/\/www.amil-care.com\/es\/wp-json\/wp\/v2\/media?parent=4305"}],"curies":[{"name":"wp","href":"https:\/\/api.w.org\/{rel}","templated":true}]}}