{"id":5954,"date":"2021-12-20T09:23:37","date_gmt":"2021-12-20T08:23:37","guid":{"rendered":"https:\/\/www.amil-care.com\/privacy-policy-amil-care-corp\/"},"modified":"2021-12-20T09:32:08","modified_gmt":"2021-12-20T08:32:08","slug":"privacy-policy-amil-care-corp","status":"publish","type":"page","link":"https:\/\/www.amil-care.com\/es\/privacy-policy-amil-care-corp\/","title":{"rendered":"Privacy policy Amil-Care CORP."},"content":{"rendered":"<div class=\"fusion-fullwidth fullwidth-box fusion-builder-row-1 fusion-flex-container nonhundred-percent-fullwidth non-hundred-percent-height-scrolling\" style=\"--awb-border-radius-top-left:0px;--awb-border-radius-top-right:0px;--awb-border-radius-bottom-right:0px;--awb-border-radius-bottom-left:0px;\" ><div class=\"fusion-builder-row fusion-row fusion-flex-align-items-flex-start\" style=\"max-width:1216.8px;margin-left: calc(-4% \/ 2 );margin-right: calc(-4% \/ 2 );\"><div class=\"fusion-layout-column fusion_builder_column fusion-builder-column-0 fusion_builder_column_1_1 1_1 fusion-flex-column\" style=\"--awb-bg-size:cover;--awb-width-large:100%;--awb-margin-top-large:0px;--awb-spacing-right-large:1.92%;--awb-margin-bottom-large:0px;--awb-spacing-left-large:1.92%;--awb-width-medium:100%;--awb-spacing-right-medium:1.92%;--awb-spacing-left-medium:1.92%;--awb-width-small:100%;--awb-spacing-right-small:1.92%;--awb-spacing-left-small:1.92%;\"><div class=\"fusion-column-wrapper fusion-flex-justify-content-flex-start fusion-content-layout-column\"><div class=\"fusion-title title fusion-title-1 fusion-sep-none fusion-title-text fusion-title-size-two\" style=\"--awb-margin-top:30px;--awb-margin-bottom:20px;\"><h2 class=\"title-heading-left fusion-responsive-typography-calculated\" style=\"margin:0;--fontSize:40;line-height:1.0;\"><strong>POL\u00cdTICA DE PRIVACIDAD<\/strong><\/h2><\/div><div class=\"fusion-text fusion-text-1\" style=\"--awb-margin-top:20px;--awb-margin-left:20px;\"><p>La presente nota tiene por objeto aclarar las disposiciones de la legislaci\u00f3n para la protecci\u00f3n de los datos personales, en particular en lo que respecta\u00a0a los derechos de\u00a0las partes interesadas y las modalidades para su protecci\u00f3n. En este sentido, se informa a todos aquellos que acceden al sitio\u00a0www.amil-care.com\u00a0que:<\/p>\n<ol>\n<li>Durante la consulta de nuestras p\u00e1ginas web es probable que sea recogida informaci\u00f3n y datos personales mediante el llenado voluntario del formulario presente en el sitio, a trav\u00e9s de la acci\u00f3n de los archivos almacenados, de forma temporal o permanente en vuestro\u00a0hard-disk (llamados Cookies) y mediante el uso de otros componentes de software descargados o activados mientras se navega (por ejemplo, componentes ActiveX).\u00a0Los datos recogidos ser\u00e1n tratados por AMIL Care CORP. con el fin de proporcionar informaci\u00f3n o material promocional sobre nuestra empresa, incluso con la ayuda de herramientas de comunicaci\u00f3n electr\u00f3nica (por ejemplo. fax, correo electr\u00f3nico, mensajes, etc.), elaborar\u00a0ofertas y presupuestos, recoger estad\u00edsticas sobre nuestro sitio web, acelerar, mejorar o\u00a0personalizar el nivel de servicio a los usuarios.\u00a0Los datos recogidos ser\u00e1n almacenados tanto por v\u00eda electr\u00f3nica y en papel y ser\u00e1n tratados por AMIL Care CORP. tomando en cuenta todas las medidas previstas por la ley para proteger los derechos de los interesados.\u00a0Para proporcionar m\u00e1s informaci\u00f3n o servicios a los usuarios, los sitios mencionados anteriormente incluyen link o\u00a0aplicaciones de otros sitios. Las pol\u00edticas de privacidad aplicadas por estos sitios no est\u00e1n bajo el control de AMIL Care CORP. y no se extienden a ellos las protecciones proporcionadas por esta nota informativa.<\/li>\n<li>El suministro de datos es opcional;\u00a0el eventual rechazo\u00a0a proporcionar dichos datos o la desactivaci\u00f3n de cookies u otros componentes podr\u00eda implicar, por una parte, la imposibilidad para AMIL Care CORP. de\u00a0enviar las informaciones solicitadas y, por otro lado, una funcionalidad no del todo correcta del sitio web.<\/li>\n<li>Los datos recogidos ser\u00e1n utilizados exclusivamente por\u00a0los\u00a0operadores\u00a0encargados\u00a0de la empresa. Por razones t\u00e9cnicas relacionadas a los modos de funcionamiento\u00a0de Internet, es posible que los datos presentes en la red pasen a trav\u00e9s de server que se encuentran en pa\u00edses extranjeros, incluso\u00a0extracomunitarios. AMIL Care CORP. no tiene forma de comprobar estos flujos de datos.\u00a0El usuario del sitio web est\u00e1 consciente de esto, acepta\u00a0que la transmisi\u00f3n de datos es bajo su propio riesgo y libera a AMIL Care CORP. de cualquier responsabilidad por da\u00f1os que puedan derivarse de accesos no autorizados o mal usos en esta etapa. En caso de uso de\u00a0aplicaciones de otros sitios o acceso a enlaces externos a nuestro sitio, AMIL Care CORP. no asume ninguna responsabilidad por la informaci\u00f3n personal que se\u00a0comunican all\u00ed.<\/li>\n<\/ol>\n<p>\u00a0<\/p>\n<\/div><\/div><\/div><\/div><\/div>\n","protected":false},"excerpt":{"rendered":"","protected":false},"author":1,"featured_media":0,"parent":0,"menu_order":0,"comment_status":"closed","ping_status":"open","template":"","meta":{"footnotes":""},"class_list":["post-5954","page","type-page","status-publish","hentry"],"acf":[],"yoast_head":"<title>Privacy policy Amil-Care CORP. - Amil Care<\/title>\n<meta name=\"robots\" content=\"index, follow, max-snippet:-1, max-image-preview:large, max-video-preview:-1\" \/>\n<link rel=\"canonical\" href=\"https:\/\/www.amil-care.com\/es\/privacy-policy-amil-care-corp\/\" \/>\n<meta property=\"og:locale\" content=\"es_ES\" \/>\n<meta property=\"og:type\" content=\"article\" \/>\n<meta property=\"og:title\" content=\"Privacy policy Amil-Care CORP. - Amil Care\" \/>\n<meta property=\"og:url\" content=\"https:\/\/www.amil-care.com\/es\/privacy-policy-amil-care-corp\/\" \/>\n<meta property=\"og:site_name\" content=\"Amil Care\" \/>\n<meta property=\"article:modified_time\" content=\"2021-12-20T08:32:08+00:00\" \/>\n<meta name=\"twitter:card\" content=\"summary_large_image\" \/>\n<meta name=\"twitter:label1\" content=\"Tiempo de lectura\" \/>\n\t<meta name=\"twitter:data1\" content=\"4 minutos\" \/>\n<script type=\"application\/ld+json\" class=\"yoast-schema-graph\">{\"@context\":\"https:\/\/schema.org\",\"@graph\":[{\"@type\":\"WebPage\",\"@id\":\"https:\/\/www.amil-care.com\/es\/privacy-policy-amil-care-corp\/\",\"url\":\"https:\/\/www.amil-care.com\/es\/privacy-policy-amil-care-corp\/\",\"name\":\"Privacy policy Amil-Care CORP. - Amil Care\",\"isPartOf\":{\"@id\":\"https:\/\/www.amil-care.com\/es\/#website\"},\"datePublished\":\"2021-12-20T08:23:37+00:00\",\"dateModified\":\"2021-12-20T08:32:08+00:00\",\"breadcrumb\":{\"@id\":\"https:\/\/www.amil-care.com\/es\/privacy-policy-amil-care-corp\/#breadcrumb\"},\"inLanguage\":\"es\",\"potentialAction\":[{\"@type\":\"ReadAction\",\"target\":[\"https:\/\/www.amil-care.com\/es\/privacy-policy-amil-care-corp\/\"]}]},{\"@type\":\"BreadcrumbList\",\"@id\":\"https:\/\/www.amil-care.com\/es\/privacy-policy-amil-care-corp\/#breadcrumb\",\"itemListElement\":[{\"@type\":\"ListItem\",\"position\":1,\"name\":\"Home\",\"item\":\"https:\/\/www.amil-care.com\/es\/\"},{\"@type\":\"ListItem\",\"position\":2,\"name\":\"Privacy policy Amil-Care CORP.\"}]},{\"@type\":\"WebSite\",\"@id\":\"https:\/\/www.amil-care.com\/es\/#website\",\"url\":\"https:\/\/www.amil-care.com\/es\/\",\"name\":\"AMIL CARE\",\"description\":\"Sistemi di disinfezione e sanificazione avanzati\",\"publisher\":{\"@id\":\"https:\/\/www.amil-care.com\/es\/#organization\"},\"alternateName\":\"AMIL CARE ITALIA S.R.L.\",\"potentialAction\":[{\"@type\":\"SearchAction\",\"target\":{\"@type\":\"EntryPoint\",\"urlTemplate\":\"https:\/\/www.amil-care.com\/es\/?s={search_term_string}\"},\"query-input\":\"required name=search_term_string\"}],\"inLanguage\":\"es\"},{\"@type\":\"Organization\",\"@id\":\"https:\/\/www.amil-care.com\/es\/#organization\",\"name\":\"AMIL CARE ITALIA S.R.L.\",\"alternateName\":\"AMIL CARE\",\"url\":\"https:\/\/www.amil-care.com\/es\/\",\"logo\":{\"@type\":\"ImageObject\",\"inLanguage\":\"es\",\"@id\":\"https:\/\/www.amil-care.com\/es\/#\/schema\/logo\/image\/\",\"url\":\"https:\/\/www.amil-care.com\/wp-content\/uploads\/2021\/02\/logo_amilcare.png\",\"contentUrl\":\"https:\/\/www.amil-care.com\/wp-content\/uploads\/2021\/02\/logo_amilcare.png\",\"width\":398,\"height\":88,\"caption\":\"AMIL CARE ITALIA S.R.L.\"},\"image\":{\"@id\":\"https:\/\/www.amil-care.com\/es\/#\/schema\/logo\/image\/\"}}]}<\/script>","yoast_head_json":{"title":"Privacy policy Amil-Care CORP. - Amil Care","robots":{"index":"index","follow":"follow","max-snippet":"max-snippet:-1","max-image-preview":"max-image-preview:large","max-video-preview":"max-video-preview:-1"},"canonical":"https:\/\/www.amil-care.com\/es\/privacy-policy-amil-care-corp\/","og_locale":"es_ES","og_type":"article","og_title":"Privacy policy Amil-Care CORP. - Amil Care","og_url":"https:\/\/www.amil-care.com\/es\/privacy-policy-amil-care-corp\/","og_site_name":"Amil Care","article_modified_time":"2021-12-20T08:32:08+00:00","twitter_card":"summary_large_image","twitter_misc":{"Tiempo de lectura":"4 minutos"},"schema":{"@context":"https:\/\/schema.org","@graph":[{"@type":"WebPage","@id":"https:\/\/www.amil-care.com\/es\/privacy-policy-amil-care-corp\/","url":"https:\/\/www.amil-care.com\/es\/privacy-policy-amil-care-corp\/","name":"Privacy policy Amil-Care CORP. - Amil Care","isPartOf":{"@id":"https:\/\/www.amil-care.com\/es\/#website"},"datePublished":"2021-12-20T08:23:37+00:00","dateModified":"2021-12-20T08:32:08+00:00","breadcrumb":{"@id":"https:\/\/www.amil-care.com\/es\/privacy-policy-amil-care-corp\/#breadcrumb"},"inLanguage":"es","potentialAction":[{"@type":"ReadAction","target":["https:\/\/www.amil-care.com\/es\/privacy-policy-amil-care-corp\/"]}]},{"@type":"BreadcrumbList","@id":"https:\/\/www.amil-care.com\/es\/privacy-policy-amil-care-corp\/#breadcrumb","itemListElement":[{"@type":"ListItem","position":1,"name":"Home","item":"https:\/\/www.amil-care.com\/es\/"},{"@type":"ListItem","position":2,"name":"Privacy policy Amil-Care CORP."}]},{"@type":"WebSite","@id":"https:\/\/www.amil-care.com\/es\/#website","url":"https:\/\/www.amil-care.com\/es\/","name":"AMIL CARE","description":"Sistemi di disinfezione e sanificazione avanzati","publisher":{"@id":"https:\/\/www.amil-care.com\/es\/#organization"},"alternateName":"AMIL CARE ITALIA S.R.L.","potentialAction":[{"@type":"SearchAction","target":{"@type":"EntryPoint","urlTemplate":"https:\/\/www.amil-care.com\/es\/?s={search_term_string}"},"query-input":"required name=search_term_string"}],"inLanguage":"es"},{"@type":"Organization","@id":"https:\/\/www.amil-care.com\/es\/#organization","name":"AMIL CARE ITALIA S.R.L.","alternateName":"AMIL CARE","url":"https:\/\/www.amil-care.com\/es\/","logo":{"@type":"ImageObject","inLanguage":"es","@id":"https:\/\/www.amil-care.com\/es\/#\/schema\/logo\/image\/","url":"https:\/\/www.amil-care.com\/wp-content\/uploads\/2021\/02\/logo_amilcare.png","contentUrl":"https:\/\/www.amil-care.com\/wp-content\/uploads\/2021\/02\/logo_amilcare.png","width":398,"height":88,"caption":"AMIL CARE ITALIA S.R.L."},"image":{"@id":"https:\/\/www.amil-care.com\/es\/#\/schema\/logo\/image\/"}}]}},"_links":{"self":[{"href":"https:\/\/www.amil-care.com\/es\/wp-json\/wp\/v2\/pages\/5954","targetHints":{"allow":["GET"]}}],"collection":[{"href":"https:\/\/www.amil-care.com\/es\/wp-json\/wp\/v2\/pages"}],"about":[{"href":"https:\/\/www.amil-care.com\/es\/wp-json\/wp\/v2\/types\/page"}],"author":[{"embeddable":true,"href":"https:\/\/www.amil-care.com\/es\/wp-json\/wp\/v2\/users\/1"}],"replies":[{"embeddable":true,"href":"https:\/\/www.amil-care.com\/es\/wp-json\/wp\/v2\/comments?post=5954"}],"version-history":[{"count":2,"href":"https:\/\/www.amil-care.com\/es\/wp-json\/wp\/v2\/pages\/5954\/revisions"}],"predecessor-version":[{"id":5962,"href":"https:\/\/www.amil-care.com\/es\/wp-json\/wp\/v2\/pages\/5954\/revisions\/5962"}],"wp:attachment":[{"href":"https:\/\/www.amil-care.com\/es\/wp-json\/wp\/v2\/media?parent=5954"}],"curies":[{"name":"wp","href":"https:\/\/api.w.org\/{rel}","templated":true}]}}