{"id":8414,"date":"2026-01-27T10:22:58","date_gmt":"2026-01-27T09:22:58","guid":{"rendered":"https:\/\/www.amil-care.com\/?page_id=8414"},"modified":"2026-02-06T20:14:18","modified_gmt":"2026-02-06T19:14:18","slug":"privacy-policy","status":"publish","type":"page","link":"https:\/\/www.amil-care.com\/es\/privacy-policy\/","title":{"rendered":"Privacy policy"},"content":{"rendered":"<div class=\"fusion-fullwidth fullwidth-box fusion-builder-row-1 fusion-flex-container has-pattern-background has-mask-background nonhundred-percent-fullwidth non-hundred-percent-height-scrolling\" style=\"--awb-border-radius-top-left:0px;--awb-border-radius-top-right:0px;--awb-border-radius-bottom-right:0px;--awb-border-radius-bottom-left:0px;\" ><div class=\"fusion-builder-row fusion-row fusion-flex-align-items-flex-start\" style=\"max-width:1216.8px;margin-left: calc(-4% \/ 2 );margin-right: calc(-4% \/ 2 );\"><div class=\"fusion-layout-column fusion_builder_column fusion-builder-column-0 fusion_builder_column_1_2 1_2 fusion-flex-column\" style=\"--awb-bg-size:cover;--awb-width-large:50%;--awb-spacing-right-large:3.84%;--awb-spacing-left-large:3.84%;--awb-width-medium:100%;--awb-order-medium:0;--awb-spacing-right-medium:1.92%;--awb-spacing-left-medium:1.92%;--awb-width-small:100%;--awb-order-small:0;--awb-spacing-right-small:1.92%;--awb-spacing-left-small:1.92%;\"><div class=\"fusion-column-wrapper fusion-column-has-shadow fusion-flex-justify-content-flex-start fusion-content-layout-column\"><div class=\"fusion-text fusion-text-1\"><p><strong>CLIENTE<\/strong><\/p>\n<p><strong>Aviso sobre el tratamiento de sus datos personales<\/strong><\/p>\n<p><em>Art. 13 RGPD \u2013 Reglamento General de Protecci\u00f3n de Datos (UE) 2016\/679<\/em><\/p>\n<p><strong>Estimado Cliente:<br \/>\n<\/strong>Le informamos que, para la correcta y completa ejecuci\u00f3n de las relaciones contractuales, tratamos sus datos calificados como datos personales conforme al Reglamento (UE) 2016\/679 (RGPD). De conformidad con dicha normativa, le invitamos a leer atentamente el presente aviso.<\/p>\n<p><strong>Naturaleza de los datos tratados: <\/strong>Tratamos sus datos identificativos y de contacto, as\u00ed como datos fiscales y econ\u00f3micos. Le informamos que no tratamos ning\u00fan dato calificado como categor\u00eda especial de datos personales (art. 9 del Reglamento) ni datos de naturaleza judicial (art. 10 del Reglamento).<\/p>\n<p><strong>Finalidad del tratamiento, base jur\u00eddica y per\u00edodo de conservaci\u00f3n de los datos: <\/strong>Sus datos se tratan durante toda la duraci\u00f3n de las relaciones contractuales, vigentes o futuras, destinadas a la prestaci\u00f3n de nuestros servicios, as\u00ed como para cumplir con las obligaciones en materia fiscal y contable previstas por leyes, reglamentos y normativa de la Uni\u00f3n Europea. La base jur\u00eddica del tratamiento se encuentra en la ejecuci\u00f3n de relaciones contractuales y precontractuales. Sus datos se conservar\u00e1n durante el tiempo necesario para cumplir con las obligaciones fiscales, seg\u00fan lo previsto por la normativa nacional.<\/p>\n<p><strong>Modalidades del tratamiento: <\/strong>El tratamiento de los datos se realiza mediante el uso de herramientas y procedimientos adecuados para garantizar su seguridad y confidencialidad, y puede llevarse a cabo tanto en soportes en papel como mediante el uso de medios inform\u00e1ticos automatizados, destinados a almacenar, gestionar y transmitir dichos datos.<\/p>\n<p><strong>Car\u00e1cter obligatorio o facultativo de la aportaci\u00f3n de los datos: <\/strong>Con respecto a las finalidades indicadas, la aportaci\u00f3n de los datos es obligatoria para cumplir con las obligaciones legales. La falta de aportaci\u00f3n de dichos datos por su parte implicar\u00e1 la imposibilidad de establecer o continuar la relaci\u00f3n contractual, en la medida en que dichos datos sean necesarios para su ejecuci\u00f3n.<\/p>\n<p><strong>\u00c1mbito de conocimiento de sus datos: <\/strong>Sus datos podr\u00e1n ser puestos a disposici\u00f3n, para las finalidades indicadas, de empleados y colaboradores del Responsable del Tratamiento, en su calidad de personas autorizadas y\/o administradores de sistemas, as\u00ed como de empresas terceras u otros sujetos que realicen actividades externalizadas por cuenta del Responsable del Tratamiento, en su calidad de encargados del tratamiento.<\/p>\n<p><strong>Comunicaci\u00f3n y difusi\u00f3n: <\/strong>Sus datos no ser\u00e1n difundidos a sujetos indeterminados mediante su puesta a disposici\u00f3n o consulta p\u00fablica.<br \/>\nSus datos podr\u00e1n ser comunicados, dentro de los l\u00edmites de sus respectivas y espec\u00edficas competencias, a organismos p\u00fablicos y, en general, a cualquier sujeto p\u00fablico o privado respecto del cual exista una obligaci\u00f3n (o una facultad reconocida por normas legales, reglamentarias o comunitarias) o la necesidad de realizar dicha comunicaci\u00f3n.<\/p>\n<p><strong>Transferencia de datos: <\/strong>La gesti\u00f3n y conservaci\u00f3n de los datos personales se realizan en servidores ubicados dentro de la Uni\u00f3n Europea, propiedad del Responsable del Tratamiento y\/o a su disposici\u00f3n, y\/o de empresas terceras debidamente designadas como encargados del tratamiento.<br \/>\nEl Responsable del Tratamiento garantiza desde este momento que cualquier transferencia de datos fuera de la UE se realizar\u00e1 de conformidad con lo dispuesto en el Cap\u00edtulo V del RGPD (art\u00edculo 46), mediante la adopci\u00f3n de cl\u00e1usulas contractuales tipo basadas en las versiones elaboradas por la Comisi\u00f3n Europea.<\/p>\n<p><strong>Sus derechos: <\/strong>Los art\u00edculos 15 a 22 del Reglamento (UE) 2016\/679 le confieren derechos espec\u00edficos. En particular, podr\u00e1 obtener confirmaci\u00f3n de la existencia o no de datos personales que le conciernan a usted y a su(s) referente(s), as\u00ed como la comunicaci\u00f3n de dichos datos y de las finalidades en que se basa el tratamiento. Asimismo, podr\u00e1 obtener la supresi\u00f3n, la transformaci\u00f3n en forma an\u00f3nima o el bloqueo de los datos tratados en violaci\u00f3n de la ley, as\u00ed como la actualizaci\u00f3n, rectificaci\u00f3n o, cuando tenga un inter\u00e9s leg\u00edtimo, la integraci\u00f3n de los datos. Podr\u00e1 oponerse al tratamiento por motivos leg\u00edtimos.<\/p>\n<p>Le rogamos que comunique puntualmente al Responsable del Tratamiento cualquier variaci\u00f3n de sus datos personales, a fin de cumplir con el art\u00edculo 16 de la citada normativa, que exige que los datos recogidos sean exactos y, por tanto, est\u00e9n actualizados.<\/p>\n<p>En caso de que considere que el tratamiento de sus datos personales se realiza en violaci\u00f3n de lo dispuesto en el RGPD y en el C\u00f3digo de Privacidad, tiene derecho a presentar una reclamaci\u00f3n ante la Autoridad de Protecci\u00f3n de Datos (Garante per la protezione dei dati personali), utilizando los datos de contacto disponibles en el sitio web <a href=\"http:\/\/www.garanteprivacy.it\">www.garanteprivacy.it<\/a>, o a acudir a las instancias judiciales competentes.<\/p>\n<p><strong>Responsable del Tratamiento: <\/strong>Amil Care Italia S.r.l. Domicilio social: Via Montecassino, 10 \u2013 21049 Tradate (VA), Italia Tel. +39 0331 026338 NIF \/ IVA: 03514310121 Correo electr\u00f3nico: info@amilcareitalia.com<\/p>\n<p>Atentamente,<\/p>\n<\/div><\/div><\/div><div class=\"fusion-layout-column fusion_builder_column fusion-builder-column-1 fusion_builder_column_1_2 1_2 fusion-flex-column\" style=\"--awb-bg-size:cover;--awb-width-large:50%;--awb-spacing-right-large:3.84%;--awb-spacing-left-large:3.84%;--awb-width-medium:100%;--awb-order-medium:0;--awb-spacing-right-medium:1.92%;--awb-spacing-left-medium:1.92%;--awb-width-small:100%;--awb-order-small:0;--awb-spacing-right-small:1.92%;--awb-spacing-left-small:1.92%;\"><div class=\"fusion-column-wrapper fusion-column-has-shadow fusion-flex-justify-content-flex-start fusion-content-layout-column\"><div class=\"fusion-text fusion-text-2\"><p><strong>PROSPECT<\/strong><\/p>\n<p><strong>Aviso sobre el tratamiento de sus datos personales<\/strong><\/p>\n<p><em>Art. 13 RGPD \u2013 Reglamento General de Protecci\u00f3n de Datos (UE) 2016\/679<\/em><\/p>\n<p><strong>Estimado Cliente:<br \/>\n<\/strong>Le informamos que, para el desarrollo de nuestras actividades de desarrollo comercial, tratamos sus datos, calificados como datos personales conforme al Reglamento (UE) 2016\/679 (RGPD), que usted ha proporcionado directamente en calidad de \u201cProspect\u201d, es decir, como persona interesada en nuestros productos. De conformidad con dicha normativa, le invitamos a leer atentamente el presente aviso.<\/p>\n<p><strong>Naturaleza de los datos tratados: <\/strong>Tratamos sus datos identificativos y de contacto, as\u00ed como datos fiscales y econ\u00f3micos. Le informamos que no tratamos ning\u00fan dato calificado como categor\u00eda especial de datos personales (art. 9 del Reglamento) ni datos de naturaleza judicial (art. 10 del Reglamento).<\/p>\n<p><strong>Finalidad del tratamiento, base jur\u00eddica y per\u00edodo de conservaci\u00f3n de los datos: <\/strong>Previa obtenci\u00f3n de su consentimiento expreso, trataremos sus datos personales para enviarle informaci\u00f3n comercial relacionada con nuestros productos, destinada a la realizaci\u00f3n de actividades promocionales, as\u00ed como invitaciones a talleres, workshops o eventos organizados por nosotros. Dichas comunicaciones podr\u00e1n realizarse a trav\u00e9s de canales tradicionales como operadores telef\u00f3nicos, mailing y fax, o mediante sistemas m\u00e1s innovadores como SMS, redes sociales y correo electr\u00f3nico. La base jur\u00eddica del tratamiento se encuentra en la prestaci\u00f3n de un consentimiento espec\u00edfico.<\/p>\n<p>El per\u00edodo de conservaci\u00f3n de los datos para las comunicaciones comerciales, de conformidad con los principios de responsabilidad social corporativa y de responsabilidad proactiva, ser\u00e1 el adecuado y proporcional a las finalidades indicadas. El interesado podr\u00e1 revocar el consentimiento para el tratamiento en cualquier momento.<\/p>\n<p><strong>Modalidades del tratamiento: <\/strong>El tratamiento de los datos se lleva a cabo mediante el uso de herramientas y procedimientos adecuados para garantizar su seguridad y confidencialidad, y puede realizarse tanto en soportes en papel como mediante el uso de medios inform\u00e1ticos automatizados, destinados a almacenar, gestionar y transmitir dichos datos.<\/p>\n<p><strong>Car\u00e1cter obligatorio o facultativo de la aportaci\u00f3n de los datos: <\/strong>Con respecto a la finalidad indicada, la aportaci\u00f3n de los datos es facultativa. La negativa a facilitar dichos datos implicar\u00e1 la imposibilidad de beneficiarse de los servicios destinados a una actualizaci\u00f3n constante sobre las novedades e iniciativas promovidas por nosotros.<\/p>\n<p><strong>\u00c1mbito de conocimiento de sus datos: <\/strong>Sus datos podr\u00e1n ser puestos a disposici\u00f3n, para las finalidades indicadas, de empleados y colaboradores del Responsable del Tratamiento, en su calidad de personas autorizadas y\/o administradores de sistemas, as\u00ed como de empresas terceras u otros sujetos que realicen actividades externalizadas por cuenta del Responsable del Tratamiento, en su calidad de encargados del tratamiento.<\/p>\n<p><strong>Comunicaci\u00f3n y difusi\u00f3n: <\/strong>Sus datos no ser\u00e1n difundidos a sujetos indeterminados mediante su puesta a disposici\u00f3n o consulta p\u00fablica.<br \/>\nSus datos podr\u00e1n ser comunicados, dentro de los l\u00edmites de sus respectivas y espec\u00edficas competencias, a organismos p\u00fablicos y, en general, a cualquier sujeto p\u00fablico o privado respecto del cual exista una obligaci\u00f3n (o una facultad reconocida por normas legales, reglamentarias o comunitarias) o la necesidad de realizar dicha comunicaci\u00f3n.<\/p>\n<p><strong>Transferencia de datos: <\/strong>La gesti\u00f3n y conservaci\u00f3n de los datos personales se realizan en servidores ubicados dentro de la Uni\u00f3n Europea, propiedad del Responsable del Tratamiento y\/o a su disposici\u00f3n, y\/o de empresas terceras debidamente designadas como encargados del tratamiento.<\/p>\n<p>El Responsable del Tratamiento garantiza desde este momento que cualquier transferencia de datos fuera de la UE se realizar\u00e1 de conformidad con lo dispuesto en el Cap\u00edtulo V del RGPD (art\u00edculo 46), mediante la adopci\u00f3n de cl\u00e1usulas contractuales tipo basadas en las versiones elaboradas por la Comisi\u00f3n Europea.<\/p>\n<p><strong>Sus derechos: <\/strong>Los art\u00edculos 15 a 22 del Reglamento (UE) 2016\/679 le confieren derechos espec\u00edficos. En particular, podr\u00e1 obtener confirmaci\u00f3n de la existencia o no de datos personales que le conciernan, as\u00ed como la comunicaci\u00f3n de dichos datos y de las finalidades en que se basa el tratamiento. Asimismo, podr\u00e1 obtener la supresi\u00f3n, la anonimizaci\u00f3n o el bloqueo de los datos tratados en violaci\u00f3n de la ley, as\u00ed como la actualizaci\u00f3n, rectificaci\u00f3n o, cuando exista un inter\u00e9s leg\u00edtimo, la integraci\u00f3n de los datos. Podr\u00e1 oponerse al tratamiento por motivos leg\u00edtimos.<\/p>\n<p>Le rogamos que comunique puntualmente al Responsable del Tratamiento cualquier variaci\u00f3n de sus datos personales, a fin de cumplir con el art\u00edculo 16 de la citada normativa, que exige que los datos recogidos sean exactos y, por tanto, est\u00e9n actualizados.<\/p>\n<p>En caso de que considere que el tratamiento de sus datos personales se realiza en violaci\u00f3n de lo dispuesto en el RGPD y en el C\u00f3digo de Privacidad, tiene derecho a presentar una reclamaci\u00f3n ante la Autoridad de Protecci\u00f3n de Datos (Garante per la protezione dei dati personali), utilizando los datos de contacto disponibles en el sitio web <a href=\"http:\/\/www.garanteprivacy.it\">www.garanteprivacy.it<\/a>, o a acudir a las instancias judiciales competentes.<\/p>\n<p><strong>Responsable del Tratamiento: <\/strong>Amil Care Italia S.r.l. Domicilio social: Via Montecassino, 10 \u2013 21049 Tradate (VA), Italia Tel. +39 0331 026338 NIF \/ IVA: 03514310121 Correo electr\u00f3nico: info@amilcareitalia.com<\/p>\n<p>Atentamente,<\/p>\n<\/div><\/div><\/div><\/div><\/div>\n","protected":false},"excerpt":{"rendered":"","protected":false},"author":1,"featured_media":0,"parent":0,"menu_order":0,"comment_status":"closed","ping_status":"closed","template":"","meta":{"footnotes":""},"class_list":["post-8414","page","type-page","status-publish","hentry"],"acf":[],"yoast_head":"<title>Privacy policy - Amil Care<\/title>\n<meta name=\"robots\" content=\"index, follow, max-snippet:-1, max-image-preview:large, max-video-preview:-1\" \/>\n<link rel=\"canonical\" href=\"https:\/\/www.amil-care.com\/es\/privacy-policy\/\" \/>\n<meta property=\"og:locale\" content=\"es_ES\" \/>\n<meta property=\"og:type\" content=\"article\" \/>\n<meta property=\"og:title\" content=\"Privacy policy - Amil Care\" \/>\n<meta property=\"og:url\" content=\"https:\/\/www.amil-care.com\/es\/privacy-policy\/\" \/>\n<meta property=\"og:site_name\" content=\"Amil Care\" \/>\n<meta property=\"article:modified_time\" content=\"2026-02-06T19:14:18+00:00\" \/>\n<meta name=\"twitter:card\" content=\"summary_large_image\" \/>\n<meta name=\"twitter:label1\" content=\"Tiempo de lectura\" \/>\n\t<meta name=\"twitter:data1\" content=\"11 minutos\" \/>\n<script type=\"application\/ld+json\" class=\"yoast-schema-graph\">{\"@context\":\"https:\/\/schema.org\",\"@graph\":[{\"@type\":\"WebPage\",\"@id\":\"https:\/\/www.amil-care.com\/es\/privacy-policy\/\",\"url\":\"https:\/\/www.amil-care.com\/es\/privacy-policy\/\",\"name\":\"Privacy policy - Amil Care\",\"isPartOf\":{\"@id\":\"https:\/\/www.amil-care.com\/es\/#website\"},\"datePublished\":\"2026-01-27T09:22:58+00:00\",\"dateModified\":\"2026-02-06T19:14:18+00:00\",\"breadcrumb\":{\"@id\":\"https:\/\/www.amil-care.com\/es\/privacy-policy\/#breadcrumb\"},\"inLanguage\":\"es\",\"potentialAction\":[{\"@type\":\"ReadAction\",\"target\":[\"https:\/\/www.amil-care.com\/es\/privacy-policy\/\"]}]},{\"@type\":\"BreadcrumbList\",\"@id\":\"https:\/\/www.amil-care.com\/es\/privacy-policy\/#breadcrumb\",\"itemListElement\":[{\"@type\":\"ListItem\",\"position\":1,\"name\":\"Home\",\"item\":\"https:\/\/www.amil-care.com\/es\/\"},{\"@type\":\"ListItem\",\"position\":2,\"name\":\"Privacy policy\"}]},{\"@type\":\"WebSite\",\"@id\":\"https:\/\/www.amil-care.com\/es\/#website\",\"url\":\"https:\/\/www.amil-care.com\/es\/\",\"name\":\"AMIL CARE\",\"description\":\"Sistemi di disinfezione e sanificazione avanzati\",\"publisher\":{\"@id\":\"https:\/\/www.amil-care.com\/es\/#organization\"},\"alternateName\":\"AMIL CARE ITALIA S.R.L.\",\"potentialAction\":[{\"@type\":\"SearchAction\",\"target\":{\"@type\":\"EntryPoint\",\"urlTemplate\":\"https:\/\/www.amil-care.com\/es\/?s={search_term_string}\"},\"query-input\":\"required name=search_term_string\"}],\"inLanguage\":\"es\"},{\"@type\":\"Organization\",\"@id\":\"https:\/\/www.amil-care.com\/es\/#organization\",\"name\":\"AMIL CARE ITALIA S.R.L.\",\"alternateName\":\"AMIL CARE\",\"url\":\"https:\/\/www.amil-care.com\/es\/\",\"logo\":{\"@type\":\"ImageObject\",\"inLanguage\":\"es\",\"@id\":\"https:\/\/www.amil-care.com\/es\/#\/schema\/logo\/image\/\",\"url\":\"https:\/\/www.amil-care.com\/wp-content\/uploads\/2021\/02\/logo_amilcare.png\",\"contentUrl\":\"https:\/\/www.amil-care.com\/wp-content\/uploads\/2021\/02\/logo_amilcare.png\",\"width\":398,\"height\":88,\"caption\":\"AMIL CARE ITALIA S.R.L.\"},\"image\":{\"@id\":\"https:\/\/www.amil-care.com\/es\/#\/schema\/logo\/image\/\"}}]}<\/script>","yoast_head_json":{"title":"Privacy policy - Amil Care","robots":{"index":"index","follow":"follow","max-snippet":"max-snippet:-1","max-image-preview":"max-image-preview:large","max-video-preview":"max-video-preview:-1"},"canonical":"https:\/\/www.amil-care.com\/es\/privacy-policy\/","og_locale":"es_ES","og_type":"article","og_title":"Privacy policy - Amil Care","og_url":"https:\/\/www.amil-care.com\/es\/privacy-policy\/","og_site_name":"Amil Care","article_modified_time":"2026-02-06T19:14:18+00:00","twitter_card":"summary_large_image","twitter_misc":{"Tiempo de lectura":"11 minutos"},"schema":{"@context":"https:\/\/schema.org","@graph":[{"@type":"WebPage","@id":"https:\/\/www.amil-care.com\/es\/privacy-policy\/","url":"https:\/\/www.amil-care.com\/es\/privacy-policy\/","name":"Privacy policy - Amil Care","isPartOf":{"@id":"https:\/\/www.amil-care.com\/es\/#website"},"datePublished":"2026-01-27T09:22:58+00:00","dateModified":"2026-02-06T19:14:18+00:00","breadcrumb":{"@id":"https:\/\/www.amil-care.com\/es\/privacy-policy\/#breadcrumb"},"inLanguage":"es","potentialAction":[{"@type":"ReadAction","target":["https:\/\/www.amil-care.com\/es\/privacy-policy\/"]}]},{"@type":"BreadcrumbList","@id":"https:\/\/www.amil-care.com\/es\/privacy-policy\/#breadcrumb","itemListElement":[{"@type":"ListItem","position":1,"name":"Home","item":"https:\/\/www.amil-care.com\/es\/"},{"@type":"ListItem","position":2,"name":"Privacy policy"}]},{"@type":"WebSite","@id":"https:\/\/www.amil-care.com\/es\/#website","url":"https:\/\/www.amil-care.com\/es\/","name":"AMIL CARE","description":"Sistemi di disinfezione e sanificazione avanzati","publisher":{"@id":"https:\/\/www.amil-care.com\/es\/#organization"},"alternateName":"AMIL CARE ITALIA S.R.L.","potentialAction":[{"@type":"SearchAction","target":{"@type":"EntryPoint","urlTemplate":"https:\/\/www.amil-care.com\/es\/?s={search_term_string}"},"query-input":"required name=search_term_string"}],"inLanguage":"es"},{"@type":"Organization","@id":"https:\/\/www.amil-care.com\/es\/#organization","name":"AMIL CARE ITALIA S.R.L.","alternateName":"AMIL CARE","url":"https:\/\/www.amil-care.com\/es\/","logo":{"@type":"ImageObject","inLanguage":"es","@id":"https:\/\/www.amil-care.com\/es\/#\/schema\/logo\/image\/","url":"https:\/\/www.amil-care.com\/wp-content\/uploads\/2021\/02\/logo_amilcare.png","contentUrl":"https:\/\/www.amil-care.com\/wp-content\/uploads\/2021\/02\/logo_amilcare.png","width":398,"height":88,"caption":"AMIL CARE ITALIA S.R.L."},"image":{"@id":"https:\/\/www.amil-care.com\/es\/#\/schema\/logo\/image\/"}}]}},"_links":{"self":[{"href":"https:\/\/www.amil-care.com\/es\/wp-json\/wp\/v2\/pages\/8414","targetHints":{"allow":["GET"]}}],"collection":[{"href":"https:\/\/www.amil-care.com\/es\/wp-json\/wp\/v2\/pages"}],"about":[{"href":"https:\/\/www.amil-care.com\/es\/wp-json\/wp\/v2\/types\/page"}],"author":[{"embeddable":true,"href":"https:\/\/www.amil-care.com\/es\/wp-json\/wp\/v2\/users\/1"}],"replies":[{"embeddable":true,"href":"https:\/\/www.amil-care.com\/es\/wp-json\/wp\/v2\/comments?post=8414"}],"version-history":[{"count":3,"href":"https:\/\/www.amil-care.com\/es\/wp-json\/wp\/v2\/pages\/8414\/revisions"}],"predecessor-version":[{"id":8445,"href":"https:\/\/www.amil-care.com\/es\/wp-json\/wp\/v2\/pages\/8414\/revisions\/8445"}],"wp:attachment":[{"href":"https:\/\/www.amil-care.com\/es\/wp-json\/wp\/v2\/media?parent=8414"}],"curies":[{"name":"wp","href":"https:\/\/api.w.org\/{rel}","templated":true}]}}